{"id":1699,"date":"2025-10-12T23:52:31","date_gmt":"2025-10-12T23:52:31","guid":{"rendered":"https:\/\/anyisartphoto.com\/?page_id=1699"},"modified":"2025-11-08T01:37:03","modified_gmt":"2025-11-08T01:37:03","slug":"about-us","status":"publish","type":"page","link":"https:\/\/anyisartphoto.com\/es\/about-us\/","title":{"rendered":"Acerca de"},"content":{"rendered":"<div class=\"et_pb_section_0 et_pb_section et_section_regular et_flex_section\">\n<div class=\"et_pb_row_0 et_pb_row et_flex_row\">\n<div class=\"et_pb_column_0 et_pb_column et_flex_column et_pb_css_mix_blend_mode_passthrough et_flex_column_12_24 et_flex_column_12_24_tablet et_flex_column_24_24_phone\">\n<div class=\"et_pb_group_0 et_pb_group et-last-child et_pb_module et_flex_group et_pb_css_mix_blend_mode_passthrough\">\n<div class=\"et_pb_image_0 et_pb_image et_pb_module et_block_module\"><span class=\"et_pb_image_wrap\"><img loading=\"lazy\" decoding=\"async\" src=\"https:\/\/anyisartphoto.com\/wp-content\/uploads\/2025\/08\/Logo-05-scaled.png\" width=\"2560\" height=\"951\" srcset=\"https:\/\/anyisartphoto.com\/wp-content\/uploads\/2025\/08\/Logo-05-scaled.png 2560w, https:\/\/anyisartphoto.com\/wp-content\/uploads\/2025\/08\/Logo-05-1280x476.png 1280w, https:\/\/anyisartphoto.com\/wp-content\/uploads\/2025\/08\/Logo-05-980x364.png 980w, https:\/\/anyisartphoto.com\/wp-content\/uploads\/2025\/08\/Logo-05-480x178.png 480w\" sizes=\"(min-width: 0px) and (max-width: 480px) 480px, (min-width: 481px) and (max-width: 980px) 980px, (min-width: 981px) and (max-width: 1280px) 1280px, (min-width: 1281px) 2560px, 100vw\" class=\"wp-image-247\" \/><\/span><\/div>\n\n<div class=\"et_pb_text_0 et_pb_text et_pb_bg_layout_light et_pb_module et_block_module\"><div class=\"et_pb_text_inner\"><p class=\"translation-block\">Anyi\u2019s Art Photography es un estudio fotogr\u00e1fico profesional ubicado en el coraz\u00f3n de Grand Island, Nebraska. Nos apasiona capturar los momentos m\u00e1s significativos de la vida a trav\u00e9s de im\u00e1genes art\u00edsticas, exclusivas y llenas de emoci\u00f3n.<br>\nNos especializamos en quincea\u00f1eras, bodas, maternidad, beb\u00e9s y ni\u00f1os, y mucho m\u00e1s. Nuestra misi\u00f3n es brindar servicios de alta calidad a precios que te encantar\u00e1n, siempre adaptados a la visi\u00f3n y expectativas \u00fanicas de cada cliente.<br>\nEn Anyi\u2019s Art Photography, creemos que cada fotograf\u00eda es m\u00e1s que una simple imagen; es una historia, un sentimiento y una conexi\u00f3n congelada en el tiempo. Con nuestro trato c\u00e1lido y personalizado, creamos una experiencia relajada y agradable donde la individualidad de cada cliente brilla en cada imagen.<br>\nYa sea que est\u00e9s celebrando un hito, dando la bienvenida a una nueva vida o simplemente apreciando la belleza cotidiana, estamos aqu\u00ed para capturarla con cuidado, creatividad y pasi\u00f3n.\n\nPorque en Anyi\u2019s Art Photography, tu historia inspira la nuestra.<\/p>\n<\/div><\/div>\n<\/div>\n<\/div>\n\n<div class=\"et_pb_column_1 et_pb_column et-last-child et_flex_column et_pb_css_mix_blend_mode_passthrough et_flex_column_12_24 et_flex_column_12_24_tablet et_flex_column_24_24_phone\">\n<div class=\"et_pb_group_carousel_0 et_pb_group_carousel et_pb_group et_pb_module et_pb_group_carousel_arrows_outside et_pb_group_carousel_dots_center et_pb_group_carousel_dots_below\"><div class=\"et_pb_group_carousel_container\"><div class=\"et_pb_group_carousel_track\"><div class=\"et_pb_group_carousel_slide\"><div class=\"et_pb_group_1 et_pb_group et_pb_module et_flex_group et_pb_css_mix_blend_mode_passthrough\">\n<div class=\"et_pb_group_2 et_pb_group et-last-child et_pb_module et_flex_group et_pb_css_mix_blend_mode_passthrough\">\n<div class=\"et_pb_image_1 et_pb_image et_pb_module et_block_module\"><span class=\"et_pb_image_wrap\"><img loading=\"lazy\" decoding=\"async\" src=\"https:\/\/anyisartphoto.com\/wp-content\/uploads\/2025\/10\/IMG_2914.webp\" width=\"1580\" height=\"1053\" srcset=\"https:\/\/anyisartphoto.com\/wp-content\/uploads\/2025\/10\/IMG_2914.webp 1580w, https:\/\/anyisartphoto.com\/wp-content\/uploads\/2025\/10\/IMG_2914-1280x853.webp 1280w, https:\/\/anyisartphoto.com\/wp-content\/uploads\/2025\/10\/IMG_2914-980x653.webp 980w, https:\/\/anyisartphoto.com\/wp-content\/uploads\/2025\/10\/IMG_2914-480x320.webp 480w\" sizes=\"(min-width: 0px) and (max-width: 480px) 480px, (min-width: 481px) and (max-width: 980px) 980px, (min-width: 981px) and (max-width: 1280px) 1280px, (min-width: 1281px) 1580px, 100vw\" class=\"wp-image-1695\" \/><\/span><\/div>\n<\/div>\n<\/div><\/div><div class=\"et_pb_group_carousel_slide\"><div class=\"et_pb_group_3 et_pb_group et_pb_module et_flex_group et_pb_css_mix_blend_mode_passthrough\">\n<div class=\"et_pb_group_4 et_pb_group et-last-child et_pb_module et_flex_group et_pb_css_mix_blend_mode_passthrough\">\n<div class=\"et_pb_image_2 et_pb_image et_pb_module et_block_module\"><span class=\"et_pb_image_wrap\"><img loading=\"lazy\" decoding=\"async\" src=\"https:\/\/anyisartphoto.com\/wp-content\/uploads\/2025\/10\/IMG_2876.webp\" width=\"1612\" height=\"1075\" srcset=\"https:\/\/anyisartphoto.com\/wp-content\/uploads\/2025\/10\/IMG_2876.webp 1612w, https:\/\/anyisartphoto.com\/wp-content\/uploads\/2025\/10\/IMG_2876-1280x854.webp 1280w, https:\/\/anyisartphoto.com\/wp-content\/uploads\/2025\/10\/IMG_2876-980x654.webp 980w, https:\/\/anyisartphoto.com\/wp-content\/uploads\/2025\/10\/IMG_2876-480x320.webp 480w\" sizes=\"(min-width: 0px) and (max-width: 480px) 480px, (min-width: 481px) and (max-width: 980px) 980px, (min-width: 981px) and (max-width: 1280px) 1280px, (min-width: 1281px) 1612px, 100vw\" class=\"wp-image-1673\" \/><\/span><\/div>\n<\/div>\n<\/div><\/div><div class=\"et_pb_group_carousel_slide\"><div class=\"et_pb_group_5 et_pb_group et_pb_module et_flex_group et_pb_css_mix_blend_mode_passthrough\">\n<div class=\"et_pb_group_6 et_pb_group et-last-child et_pb_module et_flex_group et_pb_css_mix_blend_mode_passthrough\">\n<div class=\"et_pb_image_3 et_pb_image et_pb_module et_block_module\"><span class=\"et_pb_image_wrap\"><img loading=\"lazy\" decoding=\"async\" src=\"https:\/\/anyisartphoto.com\/wp-content\/uploads\/2025\/10\/IMG_2869.webp\" width=\"1604\" height=\"1069\" srcset=\"https:\/\/anyisartphoto.com\/wp-content\/uploads\/2025\/10\/IMG_2869.webp 1604w, https:\/\/anyisartphoto.com\/wp-content\/uploads\/2025\/10\/IMG_2869-1280x853.webp 1280w, https:\/\/anyisartphoto.com\/wp-content\/uploads\/2025\/10\/IMG_2869-980x653.webp 980w, https:\/\/anyisartphoto.com\/wp-content\/uploads\/2025\/10\/IMG_2869-480x320.webp 480w\" sizes=\"(min-width: 0px) and (max-width: 480px) 480px, (min-width: 481px) and (max-width: 980px) 980px, (min-width: 981px) and (max-width: 1280px) 1280px, (min-width: 1281px) 1604px, 100vw\" class=\"wp-image-1669\" \/><\/span><\/div>\n<\/div>\n<\/div><\/div><div class=\"et_pb_group_carousel_slide\"><div class=\"et_pb_group_7 et_pb_group et_pb_module et_flex_group et_pb_css_mix_blend_mode_passthrough\">\n<div class=\"et_pb_group_8 et_pb_group et-last-child et_pb_module et_flex_group et_pb_css_mix_blend_mode_passthrough\">\n<div class=\"et_pb_image_4 et_pb_image et_pb_module et_block_module\"><span class=\"et_pb_image_wrap\"><img loading=\"lazy\" decoding=\"async\" src=\"https:\/\/anyisartphoto.com\/wp-content\/uploads\/2025\/10\/IMG_2883.webp\" width=\"1612\" height=\"1075\" srcset=\"https:\/\/anyisartphoto.com\/wp-content\/uploads\/2025\/10\/IMG_2883.webp 1612w, https:\/\/anyisartphoto.com\/wp-content\/uploads\/2025\/10\/IMG_2883-1280x854.webp 1280w, https:\/\/anyisartphoto.com\/wp-content\/uploads\/2025\/10\/IMG_2883-980x654.webp 980w, https:\/\/anyisartphoto.com\/wp-content\/uploads\/2025\/10\/IMG_2883-480x320.webp 480w\" sizes=\"(min-width: 0px) and (max-width: 480px) 480px, (min-width: 481px) and (max-width: 980px) 980px, (min-width: 981px) and (max-width: 1280px) 1280px, (min-width: 1281px) 1612px, 100vw\" class=\"wp-image-1677\" \/><\/span><\/div>\n<\/div>\n<\/div><\/div><div class=\"et_pb_group_carousel_slide\"><div class=\"et_pb_group_9 et_pb_group et_pb_module et_flex_group et_pb_css_mix_blend_mode_passthrough\">\n<div class=\"et_pb_group_10 et_pb_group et-last-child et_pb_module et_flex_group et_pb_css_mix_blend_mode_passthrough\">\n<div class=\"et_pb_image_5 et_pb_image et_pb_module et_block_module\"><span class=\"et_pb_image_wrap\"><img loading=\"lazy\" decoding=\"async\" src=\"https:\/\/anyisartphoto.com\/wp-content\/uploads\/2025\/10\/IMG_2864.webp\" width=\"1604\" height=\"1069\" srcset=\"https:\/\/anyisartphoto.com\/wp-content\/uploads\/2025\/10\/IMG_2864.webp 1604w, https:\/\/anyisartphoto.com\/wp-content\/uploads\/2025\/10\/IMG_2864-1280x853.webp 1280w, https:\/\/anyisartphoto.com\/wp-content\/uploads\/2025\/10\/IMG_2864-980x653.webp 980w, https:\/\/anyisartphoto.com\/wp-content\/uploads\/2025\/10\/IMG_2864-480x320.webp 480w\" sizes=\"(min-width: 0px) and (max-width: 480px) 480px, (min-width: 481px) and (max-width: 980px) 980px, (min-width: 981px) and (max-width: 1280px) 1280px, (min-width: 1281px) 1604px, 100vw\" class=\"wp-image-1666\" \/><\/span><\/div>\n<\/div>\n<\/div><\/div><div class=\"et_pb_group_carousel_slide\"><div class=\"et_pb_group_11 et_pb_group et_pb_module et_flex_group et_pb_css_mix_blend_mode_passthrough\">\n<div class=\"et_pb_group_12 et_pb_group et-last-child et_pb_module et_flex_group et_pb_css_mix_blend_mode_passthrough\">\n<div class=\"et_pb_image_6 et_pb_image et_pb_module et_block_module\"><span class=\"et_pb_image_wrap\"><img loading=\"lazy\" decoding=\"async\" src=\"https:\/\/anyisartphoto.com\/wp-content\/uploads\/2025\/10\/IMG_2859.webp\" width=\"1486\" height=\"991\" srcset=\"https:\/\/anyisartphoto.com\/wp-content\/uploads\/2025\/10\/IMG_2859.webp 1486w, https:\/\/anyisartphoto.com\/wp-content\/uploads\/2025\/10\/IMG_2859-1280x854.webp 1280w, https:\/\/anyisartphoto.com\/wp-content\/uploads\/2025\/10\/IMG_2859-980x654.webp 980w, https:\/\/anyisartphoto.com\/wp-content\/uploads\/2025\/10\/IMG_2859-480x320.webp 480w\" sizes=\"(min-width: 0px) and (max-width: 480px) 480px, (min-width: 481px) and (max-width: 980px) 980px, (min-width: 981px) and (max-width: 1280px) 1280px, (min-width: 1281px) 1486px, 100vw\" class=\"wp-image-1662\" \/><\/span><\/div>\n<\/div>\n<\/div><\/div><div class=\"et_pb_group_carousel_slide\"><div class=\"et_pb_group_13 et_pb_group et_pb_module et_flex_group et_pb_css_mix_blend_mode_passthrough\">\n<div class=\"et_pb_group_14 et_pb_group et-last-child et_pb_module et_flex_group et_pb_css_mix_blend_mode_passthrough\">\n<div class=\"et_pb_image_7 et_pb_image et_pb_module et_block_module\"><span class=\"et_pb_image_wrap\"><img loading=\"lazy\" decoding=\"async\" src=\"https:\/\/anyisartphoto.com\/wp-content\/uploads\/2025\/10\/IMG_2902.webp\" width=\"1584\" height=\"1056\" srcset=\"https:\/\/anyisartphoto.com\/wp-content\/uploads\/2025\/10\/IMG_2902.webp 1584w, https:\/\/anyisartphoto.com\/wp-content\/uploads\/2025\/10\/IMG_2902-1280x853.webp 1280w, https:\/\/anyisartphoto.com\/wp-content\/uploads\/2025\/10\/IMG_2902-980x653.webp 980w, https:\/\/anyisartphoto.com\/wp-content\/uploads\/2025\/10\/IMG_2902-480x320.webp 480w\" sizes=\"(min-width: 0px) and (max-width: 480px) 480px, (min-width: 481px) and (max-width: 980px) 980px, (min-width: 981px) and (max-width: 1280px) 1280px, (min-width: 1281px) 1584px, 100vw\" class=\"wp-image-1689\" \/><\/span><\/div>\n<\/div>\n<\/div><\/div><div class=\"et_pb_group_carousel_slide\"><div class=\"et_pb_group_15 et_pb_group et_pb_module et_flex_group et_pb_css_mix_blend_mode_passthrough\">\n<div class=\"et_pb_group_16 et_pb_group et-last-child et_pb_module et_flex_group et_pb_css_mix_blend_mode_passthrough\">\n<div class=\"et_pb_image_8 et_pb_image et_pb_module et_block_module\"><span class=\"et_pb_image_wrap\"><img loading=\"lazy\" decoding=\"async\" src=\"https:\/\/anyisartphoto.com\/wp-content\/uploads\/2025\/10\/IMG_2848.webp\" width=\"1572\" height=\"1048\" srcset=\"https:\/\/anyisartphoto.com\/wp-content\/uploads\/2025\/10\/IMG_2848.webp 1572w, https:\/\/anyisartphoto.com\/wp-content\/uploads\/2025\/10\/IMG_2848-1280x853.webp 1280w, https:\/\/anyisartphoto.com\/wp-content\/uploads\/2025\/10\/IMG_2848-980x653.webp 980w, https:\/\/anyisartphoto.com\/wp-content\/uploads\/2025\/10\/IMG_2848-480x320.webp 480w\" sizes=\"(min-width: 0px) and (max-width: 480px) 480px, (min-width: 481px) and (max-width: 980px) 980px, (min-width: 981px) and (max-width: 1280px) 1280px, (min-width: 1281px) 1572px, 100vw\" class=\"wp-image-1657\" \/><\/span><\/div>\n<\/div>\n<\/div><\/div><div class=\"et_pb_group_carousel_slide\"><div class=\"et_pb_group_17 et_pb_group et_pb_module et_flex_group et_pb_css_mix_blend_mode_passthrough\">\n<div class=\"et_pb_group_18 et_pb_group et-last-child et_pb_module et_flex_group et_pb_css_mix_blend_mode_passthrough\">\n<div class=\"et_pb_image_9 et_pb_image et_pb_module et_block_module\"><span class=\"et_pb_image_wrap\"><img loading=\"lazy\" decoding=\"async\" src=\"https:\/\/anyisartphoto.com\/wp-content\/uploads\/2025\/10\/IMG_2855.webp\" width=\"1580\" height=\"1053\" srcset=\"https:\/\/anyisartphoto.com\/wp-content\/uploads\/2025\/10\/IMG_2855.webp 1580w, https:\/\/anyisartphoto.com\/wp-content\/uploads\/2025\/10\/IMG_2855-1280x853.webp 1280w, https:\/\/anyisartphoto.com\/wp-content\/uploads\/2025\/10\/IMG_2855-980x653.webp 980w, https:\/\/anyisartphoto.com\/wp-content\/uploads\/2025\/10\/IMG_2855-480x320.webp 480w\" sizes=\"(min-width: 0px) and (max-width: 480px) 480px, (min-width: 481px) and (max-width: 980px) 980px, (min-width: 981px) and (max-width: 1280px) 1280px, (min-width: 1281px) 1580px, 100vw\" class=\"wp-image-1660\" \/><\/span><\/div>\n<\/div>\n<\/div><\/div><div class=\"et_pb_group_carousel_slide\"><div class=\"et_pb_group_19 et_pb_group et_pb_module et_flex_group et_pb_css_mix_blend_mode_passthrough\">\n<div class=\"et_pb_group_20 et_pb_group et-last-child et_pb_module et_flex_group et_pb_css_mix_blend_mode_passthrough\">\n<div class=\"et_pb_image_10 et_pb_image et_pb_module et_block_module\"><span class=\"et_pb_image_wrap\"><img loading=\"lazy\" decoding=\"async\" src=\"https:\/\/anyisartphoto.com\/wp-content\/uploads\/2025\/10\/IMG_2846.webp\" width=\"1532\" height=\"1021\" srcset=\"https:\/\/anyisartphoto.com\/wp-content\/uploads\/2025\/10\/IMG_2846.webp 1532w, https:\/\/anyisartphoto.com\/wp-content\/uploads\/2025\/10\/IMG_2846-1280x853.webp 1280w, https:\/\/anyisartphoto.com\/wp-content\/uploads\/2025\/10\/IMG_2846-980x653.webp 980w, https:\/\/anyisartphoto.com\/wp-content\/uploads\/2025\/10\/IMG_2846-480x320.webp 480w\" sizes=\"(min-width: 0px) and (max-width: 480px) 480px, (min-width: 481px) and (max-width: 980px) 980px, (min-width: 981px) and (max-width: 1280px) 1280px, (min-width: 1281px) 1532px, 100vw\" class=\"wp-image-1656\" \/><\/span><\/div>\n<\/div>\n<\/div><\/div><div class=\"et_pb_group_carousel_slide\"><div class=\"et_pb_group_21 et_pb_group et-last-child et_pb_module et_flex_group et_pb_css_mix_blend_mode_passthrough\">\n<div class=\"et_pb_group_22 et_pb_group et-last-child et_pb_module et_flex_group et_pb_css_mix_blend_mode_passthrough\">\n<div class=\"et_pb_image_11 et_pb_image et_pb_module et_block_module\"><span class=\"et_pb_image_wrap\"><img loading=\"lazy\" decoding=\"async\" src=\"https:\/\/anyisartphoto.com\/wp-content\/uploads\/2025\/10\/IMG_2891.webp\" width=\"1560\" height=\"1040\" srcset=\"https:\/\/anyisartphoto.com\/wp-content\/uploads\/2025\/10\/IMG_2891.webp 1560w, https:\/\/anyisartphoto.com\/wp-content\/uploads\/2025\/10\/IMG_2891-1280x853.webp 1280w, https:\/\/anyisartphoto.com\/wp-content\/uploads\/2025\/10\/IMG_2891-980x653.webp 980w, https:\/\/anyisartphoto.com\/wp-content\/uploads\/2025\/10\/IMG_2891-480x320.webp 480w\" sizes=\"(min-width: 0px) and (max-width: 480px) 480px, (min-width: 481px) and (max-width: 980px) 980px, (min-width: 981px) and (max-width: 1280px) 1280px, (min-width: 1281px) 1560px, 100vw\" class=\"wp-image-1682\" \/><\/span><\/div>\n<\/div>\n<\/div><\/div><\/div><\/div><span class=\"et_pb_group_carousel_arrow et_pb_group_carousel_arrow_prev\" role=\"button\" tabindex=\"0\" aria-label=\"Previous slide\"><span class=\"et-pb-icon\">4<\/span><\/span><span class=\"et_pb_group_carousel_arrow et_pb_group_carousel_arrow_next\" role=\"button\" tabindex=\"0\" aria-label=\"Next slide\"><span class=\"et-pb-icon\">5<\/span><\/span><div class=\"et_pb_group_carousel_dots\"><\/div><\/div>\n<\/div>\n<\/div>\n<\/div>\n\n<div class=\"et_pb_section_1 et_pb_section et_section_regular et_flex_section\">\n<div class=\"et_pb_row_1 et_pb_row et_flex_row\">\n<div class=\"et_pb_column_2 et_pb_column et_flex_column et_pb_css_mix_blend_mode_passthrough et_flex_column_12_24 et_flex_column_12_24_tablet et_flex_column_24_24_phone\">\n<div class=\"et_pb_image_12 et_pb_image et_pb_module et_block_module\"><span class=\"et_pb_image_wrap\"><img loading=\"lazy\" decoding=\"async\" src=\"https:\/\/anyisartphoto.com\/wp-content\/uploads\/2025\/10\/Fondo-de-ADA05649-eliminado.webp\" width=\"869\" height=\"1217\" srcset=\"https:\/\/anyisartphoto.com\/wp-content\/uploads\/2025\/10\/Fondo-de-ADA05649-eliminado.webp 869w, https:\/\/anyisartphoto.com\/wp-content\/uploads\/2025\/10\/Fondo-de-ADA05649-eliminado-480x672.webp 480w\" sizes=\"(min-width: 0px) and (max-width: 480px) 480px, (min-width: 481px) 869px, 100vw\" class=\"wp-image-1725\" \/><\/span><\/div>\n<\/div>\n\n<div class=\"et_pb_column_3 et_pb_column et-last-child et_flex_column et_pb_css_mix_blend_mode_passthrough et_flex_column_12_24 et_flex_column_12_24_tablet et_flex_column_24_24_phone\">\n<div class=\"et_pb_text_1 et_pb_text et_pb_bg_layout_light et_pb_module et_block_module\"><div class=\"et_pb_text_inner\"><h2>Conoce a Anyi<\/h2>\n<p class=\"translation-block\">Anyelis D\u00edaz, conocida como Anyi, es una fot\u00f3grafa cubana y la mente creativa detr\u00e1s de Anyi\u2019s Art Photography. Radicada en Grand Island, Nebraska, cuenta con m\u00e1s de cinco a\u00f1os de experiencia capturando bodas, quincea\u00f1eras, sesiones de maternidad y retratos familiares con su inconfundible toque art\u00edstico.<br>\nReconocida por su excepcional atenci\u00f3n al cliente, paciencia y genuina pasi\u00f3n por su trabajo, Anyi crea una experiencia que hace que cada cliente se sienta c\u00f3modo, valorado y especial.<br>\nSu enfoque se define por la calidez, la creatividad y la narrativa visual, transformando momentos cotidianos en obras de arte atemporales.<\/p>\n<\/div><\/div>\n<\/div>\n<\/div>\n\n<div class=\"et_pb_row_2 et_pb_row et_flex_row\">\n<div class=\"et_pb_column_4 et_pb_column et_flex_column et_pb_css_mix_blend_mode_passthrough et_flex_column_12_24 et_flex_column_12_24_tablet et_flex_column_24_24_phone\">\n<div class=\"et_pb_image_13 et_pb_image et_pb_module et_block_module\"><span class=\"et_pb_image_wrap\"><img loading=\"lazy\" decoding=\"async\" src=\"https:\/\/anyisartphoto.com\/wp-content\/uploads\/2025\/10\/Fondo-de-ADA05645-eliminado.webp\" width=\"1061\" height=\"1485\" srcset=\"https:\/\/anyisartphoto.com\/wp-content\/uploads\/2025\/10\/Fondo-de-ADA05645-eliminado.webp 1061w, https:\/\/anyisartphoto.com\/wp-content\/uploads\/2025\/10\/Fondo-de-ADA05645-eliminado-980x1372.webp 980w, https:\/\/anyisartphoto.com\/wp-content\/uploads\/2025\/10\/Fondo-de-ADA05645-eliminado-480x672.webp 480w\" sizes=\"(min-width: 0px) and (max-width: 480px) 480px, (min-width: 481px) and (max-width: 980px) 980px, (min-width: 981px) 1061px, 100vw\" class=\"wp-image-1750\" \/><\/span><\/div>\n<\/div>\n\n<div class=\"et_pb_column_5 et_pb_column et-last-child et_flex_column et_pb_css_mix_blend_mode_passthrough et_flex_column_12_24 et_flex_column_12_24_tablet et_flex_column_24_24_phone\">\n<div class=\"et_pb_text_2 et_pb_text et_pb_bg_layout_light et_pb_module et_block_module\"><div class=\"et_pb_text_inner\"><h2>Conoce a Jos\u00e9 Daniel<\/h2>\n<p class=\"translation-block\">Jos\u00e9 Daniel Cruz es el talentoso vide\u00f3grafo detr\u00e1s de las historias visuales de Anyi\u2019s Art Photography.\u00a0<br>\nGuiado por la pasi\u00f3n y la determinaci\u00f3n, cree que la verdadera narraci\u00f3n reside en el equilibrio perfecto entre la espontaneidad y la intenci\u00f3n. Su trabajo captura la belleza natural de los momentos reales: la risa, las l\u00e1grimas y cada mirada fugaz que hace que una historia sea inolvidable.<br>\nYa sea una boda, una quincea\u00f1era o una reuni\u00f3n familiar, su arte transforma instantes fugaces en pel\u00edculas que rebosan amor, alegr\u00eda y autenticidad: tesoros que querr\u00e1s revivir toda la vida.<\/p>\n<\/div><\/div>\n<\/div>\n<\/div>\n<\/div>","protected":false},"excerpt":{"rendered":"","protected":false},"author":1,"featured_media":0,"parent":0,"menu_order":0,"comment_status":"closed","ping_status":"closed","template":"","meta":{"_monsterinsights_skip_tracking":false,"_monsterinsights_sitenote_active":false,"_monsterinsights_sitenote_note":"","_monsterinsights_sitenote_category":0,"footnotes":""},"class_list":["post-1699","page","type-page","status-publish","hentry"],"aioseo_notices":[],"_links":{"self":[{"href":"https:\/\/anyisartphoto.com\/es\/wp-json\/wp\/v2\/pages\/1699","targetHints":{"allow":["GET"]}}],"collection":[{"href":"https:\/\/anyisartphoto.com\/es\/wp-json\/wp\/v2\/pages"}],"about":[{"href":"https:\/\/anyisartphoto.com\/es\/wp-json\/wp\/v2\/types\/page"}],"author":[{"embeddable":true,"href":"https:\/\/anyisartphoto.com\/es\/wp-json\/wp\/v2\/users\/1"}],"replies":[{"embeddable":true,"href":"https:\/\/anyisartphoto.com\/es\/wp-json\/wp\/v2\/comments?post=1699"}],"version-history":[{"count":78,"href":"https:\/\/anyisartphoto.com\/es\/wp-json\/wp\/v2\/pages\/1699\/revisions"}],"predecessor-version":[{"id":2281,"href":"https:\/\/anyisartphoto.com\/es\/wp-json\/wp\/v2\/pages\/1699\/revisions\/2281"}],"wp:attachment":[{"href":"https:\/\/anyisartphoto.com\/es\/wp-json\/wp\/v2\/media?parent=1699"}],"curies":[{"name":"wp","href":"https:\/\/api.w.org\/{rel}","templated":true}]}}