{"id":1483,"date":"2025-10-06T00:09:48","date_gmt":"2025-10-06T00:09:48","guid":{"rendered":"https:\/\/anyisartphoto.com\/?page_id=1483"},"modified":"2025-11-03T00:54:46","modified_gmt":"2025-11-03T00:54:46","slug":"couples-photoshoot","status":"publish","type":"page","link":"https:\/\/anyisartphoto.com\/es\/couples-photoshoot\/","title":{"rendered":"Couples Photoshoot"},"content":{"rendered":"<div class=\"et_pb_section_0 et_pb_section et_section_regular et_flex_section\">\n<div class=\"et_pb_row_0 et_pb_row et_flex_row\">\n<div class=\"et_pb_column_0 et_pb_column et-last-child et_flex_column et_pb_css_mix_blend_mode_passthrough et_flex_column_24_24 et_flex_column_24_24_tablet et_flex_column_24_24_phone\">\n<div class=\"et_pb_image_0 et_pb_image et_pb_module et_block_module\"><a href=\"https:\/\/anyisartphoto.com\/wp-content\/uploads\/2025\/10\/ADA0756H.webp\" class=\"et_pb_lightbox_image\"><span class=\"et_pb_image_wrap\"><img loading=\"lazy\" decoding=\"async\" src=\"https:\/\/anyisartphoto.com\/wp-content\/uploads\/2025\/10\/ADA0756H.webp\" width=\"1337\" height=\"891\" srcset=\"https:\/\/anyisartphoto.com\/wp-content\/uploads\/2025\/10\/ADA0756H.webp 1337w, https:\/\/anyisartphoto.com\/wp-content\/uploads\/2025\/10\/ADA0756H-1280x853.webp 1280w, https:\/\/anyisartphoto.com\/wp-content\/uploads\/2025\/10\/ADA0756H-980x653.webp 980w, https:\/\/anyisartphoto.com\/wp-content\/uploads\/2025\/10\/ADA0756H-480x320.webp 480w\" sizes=\"(min-width: 0px) and (max-width: 480px) 480px, (min-width: 481px) and (max-width: 980px) 980px, (min-width: 981px) and (max-width: 1280px) 1280px, (min-width: 1281px) 1337px, 100vw\" class=\"wp-image-1485\" \/><\/span><\/a><\/div>\n\n<div class=\"et_pb_group_0 et_pb_group et-last-child et_pb_module et_flex_group et_pb_css_mix_blend_mode_passthrough\">\n<div class=\"et_pb_row_1 et_pb_row et_pb_row_nested et_flex_row\">\n<div class=\"et_pb_column_1 et_pb_column et-last-child et_flex_column et_pb_css_mix_blend_mode_passthrough et_flex_column_24_24 et_flex_column_24_24_tablet et_flex_column_24_24_phone\">\n<div class=\"et_pb_text_0 et_pb_text et_pb_bg_layout_light et_pb_module et_block_module\"><div class=\"et_pb_text_inner\"><h2>Parejas<\/h2>\n<\/div><\/div>\n<\/div>\n<\/div>\n\n<div class=\"et_pb_text_1 et_pb_text et_pb_bg_layout_light et_pb_module et_block_module\"><div class=\"et_pb_text_inner\"><p style=\"text-align: justify;\">Cada sesi\u00f3n de fotos de pareja en Anyi\u2019s Art Photography es una celebraci\u00f3n art\u00edstica del amor y la conexi\u00f3n \u00fanica entre dos personas. Capturamos la complicidad, la ternura y la singularidad de cada relaci\u00f3n, combinando diferentes estilos y emociones: desde im\u00e1genes rom\u00e1nticas y elegantes hasta momentos espont\u00e1neos y divertidos. Creamos un ambiente \u00edntimo y personalizado en nuestro estudio para que las parejas se relajen y compartan su esencia m\u00e1s aut\u00e9ntica. La direcci\u00f3n creativa, la iluminaci\u00f3n y los fondos se combinan para resaltar la magia que une a ambos, inmortalizando gestos, abrazos y sonrisas en fotograf\u00edas que trascienden el momento. Cada imagen entregada es una invitaci\u00f3n a revivir, una y otra vez, la historia visual del amor y los recuerdos compartidos, conserv\u00e1ndolos para siempre como una obra de arte personal.<\/p>\n<\/div><\/div>\n\n<div class=\"et_pb_image_1 et_pb_image et_pb_module et_block_module\"><span class=\"et_pb_image_wrap\"><img loading=\"lazy\" decoding=\"async\" src=\"https:\/\/anyisartphoto.com\/wp-content\/uploads\/2025\/08\/Logo-05-scaled.png\" width=\"2560\" height=\"951\" srcset=\"https:\/\/anyisartphoto.com\/wp-content\/uploads\/2025\/08\/Logo-05-scaled.png 2560w, https:\/\/anyisartphoto.com\/wp-content\/uploads\/2025\/08\/Logo-05-1280x476.png 1280w, https:\/\/anyisartphoto.com\/wp-content\/uploads\/2025\/08\/Logo-05-980x364.png 980w, https:\/\/anyisartphoto.com\/wp-content\/uploads\/2025\/08\/Logo-05-480x178.png 480w\" sizes=\"(min-width: 0px) and (max-width: 480px) 480px, (min-width: 481px) and (max-width: 980px) 980px, (min-width: 981px) and (max-width: 1280px) 1280px, (min-width: 1281px) 2560px, 100vw\" class=\"wp-image-247\" \/><\/span><\/div>\n<\/div>\n<\/div>\n<\/div>\n\n<div class=\"et_pb_row_2 et_pb_row et_flex_row\">\n<div class=\"et_pb_column_2 et_pb_column et-last-child et_flex_column et_pb_css_mix_blend_mode_passthrough et_flex_column_24_24 et_flex_column_24_24_tablet et_flex_column_24_24_phone\">\n<div class=\"et_pb_image_2 et_pb_image et_pb_module et_block_module\"><a href=\"https:\/\/anyisartphoto.com\/wp-content\/uploads\/2025\/09\/ADA07561.webp\" class=\"et_pb_lightbox_image\"><span class=\"et_pb_image_wrap\"><img loading=\"lazy\" decoding=\"async\" src=\"https:\/\/anyisartphoto.com\/wp-content\/uploads\/2025\/09\/ADA07561.webp\" width=\"1482\" height=\"2076\" srcset=\"https:\/\/anyisartphoto.com\/wp-content\/uploads\/2025\/09\/ADA07561.webp 1482w, https:\/\/anyisartphoto.com\/wp-content\/uploads\/2025\/09\/ADA07561-1280x1793.webp 1280w, https:\/\/anyisartphoto.com\/wp-content\/uploads\/2025\/09\/ADA07561-980x1373.webp 980w, https:\/\/anyisartphoto.com\/wp-content\/uploads\/2025\/09\/ADA07561-480x672.webp 480w\" sizes=\"(min-width: 0px) and (max-width: 480px) 480px, (min-width: 481px) and (max-width: 980px) 980px, (min-width: 981px) and (max-width: 1280px) 1280px, (min-width: 1281px) 1482px, 100vw\" class=\"wp-image-1053\" \/><\/span><\/a><\/div>\n\n<div class=\"et_pb_image_3 et_pb_image et_pb_module et_block_module\"><a href=\"https:\/\/anyisartphoto.com\/wp-content\/uploads\/2025\/09\/ADA07560.webp\" class=\"et_pb_lightbox_image\"><span class=\"et_pb_image_wrap\"><img loading=\"lazy\" decoding=\"async\" src=\"https:\/\/anyisartphoto.com\/wp-content\/uploads\/2025\/09\/ADA07560.webp\" width=\"1561\" height=\"2186\" srcset=\"https:\/\/anyisartphoto.com\/wp-content\/uploads\/2025\/09\/ADA07560.webp 1561w, https:\/\/anyisartphoto.com\/wp-content\/uploads\/2025\/09\/ADA07560-1280x1792.webp 1280w, https:\/\/anyisartphoto.com\/wp-content\/uploads\/2025\/09\/ADA07560-980x1372.webp 980w, https:\/\/anyisartphoto.com\/wp-content\/uploads\/2025\/09\/ADA07560-480x672.webp 480w\" sizes=\"(min-width: 0px) and (max-width: 480px) 480px, (min-width: 481px) and (max-width: 980px) 980px, (min-width: 981px) and (max-width: 1280px) 1280px, (min-width: 1281px) 1561px, 100vw\" class=\"wp-image-1052\" \/><\/span><\/a><\/div>\n\n<div class=\"et_pb_image_4 et_pb_image et_pb_module et_block_module\"><a href=\"https:\/\/anyisartphoto.com\/wp-content\/uploads\/2025\/09\/ADA05176.webp\" class=\"et_pb_lightbox_image\"><span class=\"et_pb_image_wrap\"><img loading=\"lazy\" decoding=\"async\" src=\"https:\/\/anyisartphoto.com\/wp-content\/uploads\/2025\/09\/ADA05176.webp\" width=\"1570\" height=\"2355\" srcset=\"https:\/\/anyisartphoto.com\/wp-content\/uploads\/2025\/09\/ADA05176.webp 1570w, https:\/\/anyisartphoto.com\/wp-content\/uploads\/2025\/09\/ADA05176-1280x1920.webp 1280w, https:\/\/anyisartphoto.com\/wp-content\/uploads\/2025\/09\/ADA05176-980x1470.webp 980w, https:\/\/anyisartphoto.com\/wp-content\/uploads\/2025\/09\/ADA05176-480x720.webp 480w\" sizes=\"(min-width: 0px) and (max-width: 480px) 480px, (min-width: 481px) and (max-width: 980px) 980px, (min-width: 981px) and (max-width: 1280px) 1280px, (min-width: 1281px) 1570px, 100vw\" class=\"wp-image-1050\" \/><\/span><\/a><\/div>\n\n<div class=\"et_pb_image_5 et_pb_image et_pb_module et_block_module\"><a href=\"https:\/\/anyisartphoto.com\/wp-content\/uploads\/2025\/09\/ADA05194.webp\" class=\"et_pb_lightbox_image\"><span class=\"et_pb_image_wrap\"><img loading=\"lazy\" decoding=\"async\" src=\"https:\/\/anyisartphoto.com\/wp-content\/uploads\/2025\/09\/ADA05194.webp\" width=\"1804\" height=\"2526\" srcset=\"https:\/\/anyisartphoto.com\/wp-content\/uploads\/2025\/09\/ADA05194.webp 1804w, https:\/\/anyisartphoto.com\/wp-content\/uploads\/2025\/09\/ADA05194-1280x1792.webp 1280w, https:\/\/anyisartphoto.com\/wp-content\/uploads\/2025\/09\/ADA05194-980x1372.webp 980w, https:\/\/anyisartphoto.com\/wp-content\/uploads\/2025\/09\/ADA05194-480x672.webp 480w\" sizes=\"(min-width: 0px) and (max-width: 480px) 480px, (min-width: 481px) and (max-width: 980px) 980px, (min-width: 981px) and (max-width: 1280px) 1280px, (min-width: 1281px) 1804px, 100vw\" class=\"wp-image-1051\" \/><\/span><\/a><\/div>\n<\/div>\n<\/div>\n\n<div class=\"et_pb_row_3 et_pb_row et_flex_row\">\n<div class=\"et_pb_column_3 et_pb_column et-last-child et_flex_column et_pb_css_mix_blend_mode_passthrough et_flex_column_24_24 et_flex_column_24_24_tablet et_flex_column_24_24_phone\">\n<div class=\"et_pb_image_6 et_pb_image et_pb_module et_block_module\"><a href=\"https:\/\/anyisartphoto.com\/wp-content\/uploads\/2025\/09\/ADA05105.webp\" class=\"et_pb_lightbox_image\"><span class=\"et_pb_image_wrap\"><img loading=\"lazy\" decoding=\"async\" src=\"https:\/\/anyisartphoto.com\/wp-content\/uploads\/2025\/09\/ADA05105.webp\" width=\"1600\" height=\"2400\" srcset=\"https:\/\/anyisartphoto.com\/wp-content\/uploads\/2025\/09\/ADA05105.webp 1600w, https:\/\/anyisartphoto.com\/wp-content\/uploads\/2025\/09\/ADA05105-1280x1920.webp 1280w, https:\/\/anyisartphoto.com\/wp-content\/uploads\/2025\/09\/ADA05105-980x1470.webp 980w, https:\/\/anyisartphoto.com\/wp-content\/uploads\/2025\/09\/ADA05105-480x720.webp 480w\" sizes=\"(min-width: 0px) and (max-width: 480px) 480px, (min-width: 481px) and (max-width: 980px) 980px, (min-width: 981px) and (max-width: 1280px) 1280px, (min-width: 1281px) 1600px, 100vw\" class=\"wp-image-1049\" \/><\/span><\/a><\/div>\n\n<div class=\"et_pb_image_7 et_pb_image et_pb_module et_block_module\"><a href=\"https:\/\/anyisartphoto.com\/wp-content\/uploads\/2025\/09\/ADA01520.webp\" class=\"et_pb_lightbox_image\"><span class=\"et_pb_image_wrap\"><img loading=\"lazy\" decoding=\"async\" src=\"https:\/\/anyisartphoto.com\/wp-content\/uploads\/2025\/09\/ADA01520.webp\" width=\"1600\" height=\"2400\" srcset=\"https:\/\/anyisartphoto.com\/wp-content\/uploads\/2025\/09\/ADA01520.webp 1600w, https:\/\/anyisartphoto.com\/wp-content\/uploads\/2025\/09\/ADA01520-1280x1920.webp 1280w, https:\/\/anyisartphoto.com\/wp-content\/uploads\/2025\/09\/ADA01520-980x1470.webp 980w, https:\/\/anyisartphoto.com\/wp-content\/uploads\/2025\/09\/ADA01520-480x720.webp 480w\" sizes=\"(min-width: 0px) and (max-width: 480px) 480px, (min-width: 481px) and (max-width: 980px) 980px, (min-width: 981px) and (max-width: 1280px) 1280px, (min-width: 1281px) 1600px, 100vw\" class=\"wp-image-1047\" \/><\/span><\/a><\/div>\n\n<div class=\"et_pb_image_8 et_pb_image et_pb_module et_block_module\"><a href=\"https:\/\/anyisartphoto.com\/wp-content\/uploads\/2025\/09\/ADA01387.webp\" class=\"et_pb_lightbox_image\"><span class=\"et_pb_image_wrap\"><img loading=\"lazy\" decoding=\"async\" src=\"https:\/\/anyisartphoto.com\/wp-content\/uploads\/2025\/09\/ADA01387.webp\" width=\"1600\" height=\"2400\" srcset=\"https:\/\/anyisartphoto.com\/wp-content\/uploads\/2025\/09\/ADA01387.webp 1600w, https:\/\/anyisartphoto.com\/wp-content\/uploads\/2025\/09\/ADA01387-1280x1920.webp 1280w, https:\/\/anyisartphoto.com\/wp-content\/uploads\/2025\/09\/ADA01387-980x1470.webp 980w, https:\/\/anyisartphoto.com\/wp-content\/uploads\/2025\/09\/ADA01387-480x720.webp 480w\" sizes=\"(min-width: 0px) and (max-width: 480px) 480px, (min-width: 481px) and (max-width: 980px) 980px, (min-width: 981px) and (max-width: 1280px) 1280px, (min-width: 1281px) 1600px, 100vw\" class=\"wp-image-1046\" \/><\/span><\/a><\/div>\n\n<div class=\"et_pb_image_9 et_pb_image et_pb_module et_block_module\"><a href=\"https:\/\/anyisartphoto.com\/wp-content\/uploads\/2025\/09\/ADA01381.webp\" class=\"et_pb_lightbox_image\"><span class=\"et_pb_image_wrap\"><img loading=\"lazy\" decoding=\"async\" src=\"https:\/\/anyisartphoto.com\/wp-content\/uploads\/2025\/09\/ADA01381.webp\" width=\"1600\" height=\"2400\" srcset=\"https:\/\/anyisartphoto.com\/wp-content\/uploads\/2025\/09\/ADA01381.webp 1600w, https:\/\/anyisartphoto.com\/wp-content\/uploads\/2025\/09\/ADA01381-1280x1920.webp 1280w, https:\/\/anyisartphoto.com\/wp-content\/uploads\/2025\/09\/ADA01381-980x1470.webp 980w, https:\/\/anyisartphoto.com\/wp-content\/uploads\/2025\/09\/ADA01381-480x720.webp 480w\" sizes=\"(min-width: 0px) and (max-width: 480px) 480px, (min-width: 481px) and (max-width: 980px) 980px, (min-width: 981px) and (max-width: 1280px) 1280px, (min-width: 1281px) 1600px, 100vw\" class=\"wp-image-1045\" \/><\/span><\/a><\/div>\n<\/div>\n<\/div>\n<\/div>","protected":false},"excerpt":{"rendered":"","protected":false},"author":1,"featured_media":0,"parent":0,"menu_order":0,"comment_status":"closed","ping_status":"closed","template":"","meta":{"_monsterinsights_skip_tracking":false,"_monsterinsights_sitenote_active":false,"_monsterinsights_sitenote_note":"","_monsterinsights_sitenote_category":0,"footnotes":""},"class_list":["post-1483","page","type-page","status-publish","hentry"],"aioseo_notices":[],"_links":{"self":[{"href":"https:\/\/anyisartphoto.com\/es\/wp-json\/wp\/v2\/pages\/1483","targetHints":{"allow":["GET"]}}],"collection":[{"href":"https:\/\/anyisartphoto.com\/es\/wp-json\/wp\/v2\/pages"}],"about":[{"href":"https:\/\/anyisartphoto.com\/es\/wp-json\/wp\/v2\/types\/page"}],"author":[{"embeddable":true,"href":"https:\/\/anyisartphoto.com\/es\/wp-json\/wp\/v2\/users\/1"}],"replies":[{"embeddable":true,"href":"https:\/\/anyisartphoto.com\/es\/wp-json\/wp\/v2\/comments?post=1483"}],"version-history":[{"count":10,"href":"https:\/\/anyisartphoto.com\/es\/wp-json\/wp\/v2\/pages\/1483\/revisions"}],"predecessor-version":[{"id":2105,"href":"https:\/\/anyisartphoto.com\/es\/wp-json\/wp\/v2\/pages\/1483\/revisions\/2105"}],"wp:attachment":[{"href":"https:\/\/anyisartphoto.com\/es\/wp-json\/wp\/v2\/media?parent=1483"}],"curies":[{"name":"wp","href":"https:\/\/api.w.org\/{rel}","templated":true}]}}