{"id":1476,"date":"2025-10-05T23:23:47","date_gmt":"2025-10-05T23:23:47","guid":{"rendered":"https:\/\/anyisartphoto.com\/?page_id=1476"},"modified":"2025-11-02T23:11:39","modified_gmt":"2025-11-02T23:11:39","slug":"professional-profile","status":"publish","type":"page","link":"https:\/\/anyisartphoto.com\/es\/professional-profile\/","title":{"rendered":"Perfil Profesional"},"content":{"rendered":"<div class=\"et_pb_section_0 et_pb_section et_section_regular et_flex_section\">\n<div class=\"et_pb_row_0 et_pb_row et_flex_row\">\n<div class=\"et_pb_column_0 et_pb_column et-last-child et_flex_column et_pb_css_mix_blend_mode_passthrough et_flex_column_24_24 et_flex_column_24_24_tablet et_flex_column_24_24_phone\">\n<div class=\"et_pb_image_0 et_pb_image et_pb_module et_block_module\"><a href=\"https:\/\/anyisartphoto.com\/wp-content\/uploads\/2025\/10\/DSC0952H.webp\" class=\"et_pb_lightbox_image\"><span class=\"et_pb_image_wrap\"><img loading=\"lazy\" decoding=\"async\" src=\"https:\/\/anyisartphoto.com\/wp-content\/uploads\/2025\/10\/DSC0952H.webp\" width=\"2304\" height=\"1536\" srcset=\"https:\/\/anyisartphoto.com\/wp-content\/uploads\/2025\/10\/DSC0952H.webp 2304w, https:\/\/anyisartphoto.com\/wp-content\/uploads\/2025\/10\/DSC0952H-1280x853.webp 1280w, https:\/\/anyisartphoto.com\/wp-content\/uploads\/2025\/10\/DSC0952H-980x653.webp 980w, https:\/\/anyisartphoto.com\/wp-content\/uploads\/2025\/10\/DSC0952H-480x320.webp 480w\" sizes=\"(min-width: 0px) and (max-width: 480px) 480px, (min-width: 481px) and (max-width: 980px) 980px, (min-width: 981px) and (max-width: 1280px) 1280px, (min-width: 1281px) 2304px, 100vw\" class=\"wp-image-1479\" \/><\/span><\/a><\/div>\n\n<div class=\"et_pb_group_0 et_pb_group et-last-child et_pb_module et_flex_group et_pb_css_mix_blend_mode_passthrough\">\n<div class=\"et_pb_row_1 et_pb_row et_pb_row_nested et_flex_row\">\n<div class=\"et_pb_column_1 et_pb_column et-last-child et_flex_column et_pb_css_mix_blend_mode_passthrough et_flex_column_24_24 et_flex_column_24_24_tablet et_flex_column_24_24_phone\">\n<div class=\"et_pb_text_0 et_pb_text et_pb_bg_layout_light et_pb_module et_block_module\"><div class=\"et_pb_text_inner\"><h2>Perfil Profesional<\/h2>\n<\/div><\/div>\n<\/div>\n<\/div>\n\n<div class=\"et_pb_text_1 et_pb_text et_pb_bg_layout_light et_pb_module et_block_module\"><div class=\"et_pb_text_inner\"><p style=\"text-align: justify;\">Proyecta una imagen de confianza, profesionalismo y estilo con retratos dise\u00f1ados para realzar tu identidad personal y profesional. En Anyi\u2019s Art Photography, cada sesi\u00f3n de retrato profesional se realiza con precisi\u00f3n art\u00edstica, cuidando al detalle el encuadre, la iluminaci\u00f3n y la expresi\u00f3n para comunicar credibilidad y elegancia. Ya sea para redes sociales, portafolios o curr\u00edculums, nuestras fotograf\u00edas son poderosas herramientas visuales que abren puertas y generan conexiones efectivas en el entorno profesional actual.<\/p>\n<\/div><\/div>\n\n<div class=\"et_pb_image_1 et_pb_image et_pb_module et_block_module\"><span class=\"et_pb_image_wrap\"><img loading=\"lazy\" decoding=\"async\" src=\"https:\/\/anyisartphoto.com\/wp-content\/uploads\/2025\/08\/Logo-05-scaled.png\" width=\"2560\" height=\"951\" srcset=\"https:\/\/anyisartphoto.com\/wp-content\/uploads\/2025\/08\/Logo-05-scaled.png 2560w, https:\/\/anyisartphoto.com\/wp-content\/uploads\/2025\/08\/Logo-05-1280x476.png 1280w, https:\/\/anyisartphoto.com\/wp-content\/uploads\/2025\/08\/Logo-05-980x364.png 980w, https:\/\/anyisartphoto.com\/wp-content\/uploads\/2025\/08\/Logo-05-480x178.png 480w\" sizes=\"(min-width: 0px) and (max-width: 480px) 480px, (min-width: 481px) and (max-width: 980px) 980px, (min-width: 981px) and (max-width: 1280px) 1280px, (min-width: 1281px) 2560px, 100vw\" class=\"wp-image-247\" \/><\/span><\/div>\n<\/div>\n<\/div>\n<\/div>\n\n<div class=\"et_pb_row_2 et_pb_row et_flex_row\">\n<div class=\"et_pb_column_2 et_pb_column et-last-child et_flex_column et_pb_css_mix_blend_mode_passthrough et_flex_column_24_24 et_flex_column_24_24_tablet et_flex_column_24_24_phone\">\n<div class=\"et_pb_image_2 et_pb_image et_pb_module et_block_module\"><a href=\"https:\/\/anyisartphoto.com\/wp-content\/uploads\/2025\/09\/DSC09496.webp\" class=\"et_pb_lightbox_image\"><span class=\"et_pb_image_wrap\"><img loading=\"lazy\" decoding=\"async\" src=\"https:\/\/anyisartphoto.com\/wp-content\/uploads\/2025\/09\/DSC09496.webp\" width=\"1707\" height=\"2560\" srcset=\"https:\/\/anyisartphoto.com\/wp-content\/uploads\/2025\/09\/DSC09496.webp 1707w, https:\/\/anyisartphoto.com\/wp-content\/uploads\/2025\/09\/DSC09496-1280x1920.webp 1280w, https:\/\/anyisartphoto.com\/wp-content\/uploads\/2025\/09\/DSC09496-980x1470.webp 980w, https:\/\/anyisartphoto.com\/wp-content\/uploads\/2025\/09\/DSC09496-480x720.webp 480w\" sizes=\"(min-width: 0px) and (max-width: 480px) 480px, (min-width: 481px) and (max-width: 980px) 980px, (min-width: 981px) and (max-width: 1280px) 1280px, (min-width: 1281px) 1707px, 100vw\" class=\"wp-image-1059\" \/><\/span><\/a><\/div>\n\n<div class=\"et_pb_image_3 et_pb_image et_pb_module et_block_module\"><a href=\"https:\/\/anyisartphoto.com\/wp-content\/uploads\/2025\/09\/DSC09540.webp\" class=\"et_pb_lightbox_image\"><span class=\"et_pb_image_wrap\"><img loading=\"lazy\" decoding=\"async\" src=\"https:\/\/anyisartphoto.com\/wp-content\/uploads\/2025\/09\/DSC09540.webp\" width=\"1707\" height=\"2560\" srcset=\"https:\/\/anyisartphoto.com\/wp-content\/uploads\/2025\/09\/DSC09540.webp 1707w, https:\/\/anyisartphoto.com\/wp-content\/uploads\/2025\/09\/DSC09540-1280x1920.webp 1280w, https:\/\/anyisartphoto.com\/wp-content\/uploads\/2025\/09\/DSC09540-980x1470.webp 980w, https:\/\/anyisartphoto.com\/wp-content\/uploads\/2025\/09\/DSC09540-480x720.webp 480w\" sizes=\"(min-width: 0px) and (max-width: 480px) 480px, (min-width: 481px) and (max-width: 980px) 980px, (min-width: 981px) and (max-width: 1280px) 1280px, (min-width: 1281px) 1707px, 100vw\" class=\"wp-image-1063\" \/><\/span><\/a><\/div>\n\n<div class=\"et_pb_image_4 et_pb_image et_pb_module et_block_module\"><a href=\"https:\/\/anyisartphoto.com\/wp-content\/uploads\/2025\/09\/DSC09503.webp\" class=\"et_pb_lightbox_image\"><span class=\"et_pb_image_wrap\"><img loading=\"lazy\" decoding=\"async\" src=\"https:\/\/anyisartphoto.com\/wp-content\/uploads\/2025\/09\/DSC09503.webp\" width=\"1706\" height=\"2560\" srcset=\"https:\/\/anyisartphoto.com\/wp-content\/uploads\/2025\/09\/DSC09503.webp 1706w, https:\/\/anyisartphoto.com\/wp-content\/uploads\/2025\/09\/DSC09503-1280x1921.webp 1280w, https:\/\/anyisartphoto.com\/wp-content\/uploads\/2025\/09\/DSC09503-980x1471.webp 980w, https:\/\/anyisartphoto.com\/wp-content\/uploads\/2025\/09\/DSC09503-480x720.webp 480w\" sizes=\"(min-width: 0px) and (max-width: 480px) 480px, (min-width: 481px) and (max-width: 980px) 980px, (min-width: 981px) and (max-width: 1280px) 1280px, (min-width: 1281px) 1706px, 100vw\" class=\"wp-image-1060\" \/><\/span><\/a><\/div>\n\n<div class=\"et_pb_image_5 et_pb_image et_pb_module et_block_module\"><a href=\"https:\/\/anyisartphoto.com\/wp-content\/uploads\/2025\/09\/DSC09514.webp\" class=\"et_pb_lightbox_image\"><span class=\"et_pb_image_wrap\"><img loading=\"lazy\" decoding=\"async\" src=\"https:\/\/anyisartphoto.com\/wp-content\/uploads\/2025\/09\/DSC09514.webp\" width=\"1707\" height=\"2560\" srcset=\"https:\/\/anyisartphoto.com\/wp-content\/uploads\/2025\/09\/DSC09514.webp 1707w, https:\/\/anyisartphoto.com\/wp-content\/uploads\/2025\/09\/DSC09514-1280x1920.webp 1280w, https:\/\/anyisartphoto.com\/wp-content\/uploads\/2025\/09\/DSC09514-980x1470.webp 980w, https:\/\/anyisartphoto.com\/wp-content\/uploads\/2025\/09\/DSC09514-480x720.webp 480w\" sizes=\"(min-width: 0px) and (max-width: 480px) 480px, (min-width: 481px) and (max-width: 980px) 980px, (min-width: 981px) and (max-width: 1280px) 1280px, (min-width: 1281px) 1707px, 100vw\" class=\"wp-image-1061\" \/><\/span><\/a><\/div>\n<\/div>\n<\/div>\n\n<div class=\"et_pb_row_3 et_pb_row et_flex_row\">\n<div class=\"et_pb_column_3 et_pb_column et-last-child et_flex_column et_pb_css_mix_blend_mode_passthrough et_flex_column_24_24 et_flex_column_24_24_tablet et_flex_column_24_24_phone\">\n<div class=\"et_pb_image_6 et_pb_image et_pb_module et_block_module\"><a href=\"https:\/\/anyisartphoto.com\/wp-content\/uploads\/2025\/09\/DSC09450.webp\" class=\"et_pb_lightbox_image\"><span class=\"et_pb_image_wrap\"><img loading=\"lazy\" decoding=\"async\" src=\"https:\/\/anyisartphoto.com\/wp-content\/uploads\/2025\/09\/DSC09450.webp\" width=\"1707\" height=\"2560\" srcset=\"https:\/\/anyisartphoto.com\/wp-content\/uploads\/2025\/09\/DSC09450.webp 1707w, https:\/\/anyisartphoto.com\/wp-content\/uploads\/2025\/09\/DSC09450-1280x1920.webp 1280w, https:\/\/anyisartphoto.com\/wp-content\/uploads\/2025\/09\/DSC09450-980x1470.webp 980w, https:\/\/anyisartphoto.com\/wp-content\/uploads\/2025\/09\/DSC09450-480x720.webp 480w\" sizes=\"(min-width: 0px) and (max-width: 480px) 480px, (min-width: 481px) and (max-width: 980px) 980px, (min-width: 981px) and (max-width: 1280px) 1280px, (min-width: 1281px) 1707px, 100vw\" class=\"wp-image-1057\" \/><\/span><\/a><\/div>\n\n<div class=\"et_pb_image_7 et_pb_image et_pb_module et_block_module\"><a href=\"https:\/\/anyisartphoto.com\/wp-content\/uploads\/2025\/09\/DSC09474.webp\" class=\"et_pb_lightbox_image\"><span class=\"et_pb_image_wrap\"><img loading=\"lazy\" decoding=\"async\" src=\"https:\/\/anyisartphoto.com\/wp-content\/uploads\/2025\/09\/DSC09474.webp\" width=\"1707\" height=\"2560\" srcset=\"https:\/\/anyisartphoto.com\/wp-content\/uploads\/2025\/09\/DSC09474.webp 1707w, https:\/\/anyisartphoto.com\/wp-content\/uploads\/2025\/09\/DSC09474-1280x1920.webp 1280w, https:\/\/anyisartphoto.com\/wp-content\/uploads\/2025\/09\/DSC09474-980x1470.webp 980w, https:\/\/anyisartphoto.com\/wp-content\/uploads\/2025\/09\/DSC09474-480x720.webp 480w\" sizes=\"(min-width: 0px) and (max-width: 480px) 480px, (min-width: 481px) and (max-width: 980px) 980px, (min-width: 981px) and (max-width: 1280px) 1280px, (min-width: 1281px) 1707px, 100vw\" class=\"wp-image-1058\" \/><\/span><\/a><\/div>\n\n<div class=\"et_pb_image_8 et_pb_image et_pb_module et_block_module\"><a href=\"https:\/\/anyisartphoto.com\/wp-content\/uploads\/2025\/09\/ADA05152.webp\" class=\"et_pb_lightbox_image\"><span class=\"et_pb_image_wrap\"><img loading=\"lazy\" decoding=\"async\" src=\"https:\/\/anyisartphoto.com\/wp-content\/uploads\/2025\/09\/ADA05152.webp\" width=\"1533\" height=\"2300\" srcset=\"https:\/\/anyisartphoto.com\/wp-content\/uploads\/2025\/09\/ADA05152.webp 1533w, https:\/\/anyisartphoto.com\/wp-content\/uploads\/2025\/09\/ADA05152-1280x1920.webp 1280w, https:\/\/anyisartphoto.com\/wp-content\/uploads\/2025\/09\/ADA05152-980x1470.webp 980w, https:\/\/anyisartphoto.com\/wp-content\/uploads\/2025\/09\/ADA05152-480x720.webp 480w\" sizes=\"(min-width: 0px) and (max-width: 480px) 480px, (min-width: 481px) and (max-width: 980px) 980px, (min-width: 981px) and (max-width: 1280px) 1280px, (min-width: 1281px) 1533px, 100vw\" class=\"wp-image-1055\" \/><\/span><\/a><\/div>\n\n<div class=\"et_pb_image_9 et_pb_image et_pb_module et_block_module\"><a href=\"https:\/\/anyisartphoto.com\/wp-content\/uploads\/2025\/09\/ADA05143.webp\" class=\"et_pb_lightbox_image\"><span class=\"et_pb_image_wrap\"><img loading=\"lazy\" decoding=\"async\" src=\"https:\/\/anyisartphoto.com\/wp-content\/uploads\/2025\/09\/ADA05143.webp\" width=\"1578\" height=\"2368\" srcset=\"https:\/\/anyisartphoto.com\/wp-content\/uploads\/2025\/09\/ADA05143.webp 1578w, https:\/\/anyisartphoto.com\/wp-content\/uploads\/2025\/09\/ADA05143-1280x1921.webp 1280w, https:\/\/anyisartphoto.com\/wp-content\/uploads\/2025\/09\/ADA05143-980x1471.webp 980w, https:\/\/anyisartphoto.com\/wp-content\/uploads\/2025\/09\/ADA05143-480x720.webp 480w\" sizes=\"(min-width: 0px) and (max-width: 480px) 480px, (min-width: 481px) and (max-width: 980px) 980px, (min-width: 981px) and (max-width: 1280px) 1280px, (min-width: 1281px) 1578px, 100vw\" class=\"wp-image-1054\" \/><\/span><\/a><\/div>\n<\/div>\n<\/div>\n<\/div>","protected":false},"excerpt":{"rendered":"","protected":false},"author":1,"featured_media":0,"parent":0,"menu_order":0,"comment_status":"closed","ping_status":"closed","template":"","meta":{"_monsterinsights_skip_tracking":false,"_monsterinsights_sitenote_active":false,"_monsterinsights_sitenote_note":"","_monsterinsights_sitenote_category":0,"footnotes":""},"class_list":["post-1476","page","type-page","status-publish","hentry"],"aioseo_notices":[],"_links":{"self":[{"href":"https:\/\/anyisartphoto.com\/es\/wp-json\/wp\/v2\/pages\/1476","targetHints":{"allow":["GET"]}}],"collection":[{"href":"https:\/\/anyisartphoto.com\/es\/wp-json\/wp\/v2\/pages"}],"about":[{"href":"https:\/\/anyisartphoto.com\/es\/wp-json\/wp\/v2\/types\/page"}],"author":[{"embeddable":true,"href":"https:\/\/anyisartphoto.com\/es\/wp-json\/wp\/v2\/users\/1"}],"replies":[{"embeddable":true,"href":"https:\/\/anyisartphoto.com\/es\/wp-json\/wp\/v2\/comments?post=1476"}],"version-history":[{"count":8,"href":"https:\/\/anyisartphoto.com\/es\/wp-json\/wp\/v2\/pages\/1476\/revisions"}],"predecessor-version":[{"id":2098,"href":"https:\/\/anyisartphoto.com\/es\/wp-json\/wp\/v2\/pages\/1476\/revisions\/2098"}],"wp:attachment":[{"href":"https:\/\/anyisartphoto.com\/es\/wp-json\/wp\/v2\/media?parent=1476"}],"curies":[{"name":"wp","href":"https:\/\/api.w.org\/{rel}","templated":true}]}}