{"id":1458,"date":"2025-10-05T05:46:33","date_gmt":"2025-10-05T05:46:33","guid":{"rendered":"https:\/\/anyisartphoto.com\/?page_id=1458"},"modified":"2025-11-04T05:19:09","modified_gmt":"2025-11-04T05:19:09","slug":"smash-cake-first-year","status":"publish","type":"page","link":"https:\/\/anyisartphoto.com\/es\/smash-cake-first-year\/","title":{"rendered":"Pastel de cumplea\u00f1os (Primer a\u00f1o)"},"content":{"rendered":"<div class=\"et_pb_section_0 et_pb_section et_section_regular et_flex_section\">\n<div class=\"et_pb_row_0 et_pb_row et_flex_row\">\n<div class=\"et_pb_column_0 et_pb_column et-last-child et_flex_column et_pb_css_mix_blend_mode_passthrough et_flex_column_24_24 et_flex_column_24_24_tablet et_flex_column_24_24_phone\">\n<div class=\"et_pb_image_0 et_pb_image et_pb_module et_block_module\"><a href=\"https:\/\/anyisartphoto.com\/wp-content\/uploads\/2025\/09\/DSC05496.webp\" class=\"et_pb_lightbox_image\"><span class=\"et_pb_image_wrap\"><img loading=\"lazy\" decoding=\"async\" src=\"https:\/\/anyisartphoto.com\/wp-content\/uploads\/2025\/09\/DSC05496.webp\" width=\"2560\" height=\"1706\" srcset=\"https:\/\/anyisartphoto.com\/wp-content\/uploads\/2025\/09\/DSC05496.webp 2560w, https:\/\/anyisartphoto.com\/wp-content\/uploads\/2025\/09\/DSC05496-1280x853.webp 1280w, https:\/\/anyisartphoto.com\/wp-content\/uploads\/2025\/09\/DSC05496-980x653.webp 980w, https:\/\/anyisartphoto.com\/wp-content\/uploads\/2025\/09\/DSC05496-480x320.webp 480w\" sizes=\"(min-width: 0px) and (max-width: 480px) 480px, (min-width: 481px) and (max-width: 980px) 980px, (min-width: 981px) and (max-width: 1280px) 1280px, (min-width: 1281px) 2560px, 100vw\" class=\"wp-image-1305\" \/><\/span><\/a><\/div>\n\n<div class=\"et_pb_group_0 et_pb_group et-last-child et_pb_module et_flex_group et_pb_css_mix_blend_mode_passthrough\">\n<div class=\"et_pb_row_1 et_pb_row et_pb_row_nested et_flex_row\">\n<div class=\"et_pb_column_1 et_pb_column et-last-child et_flex_column et_pb_css_mix_blend_mode_passthrough et_flex_column_24_24 et_flex_column_24_24_tablet et_flex_column_24_24_phone\">\n<div class=\"et_pb_text_0 et_pb_text et_pb_bg_layout_light et_pb_module et_block_module\"><div class=\"et_pb_text_inner\"><h2>Pastel de cumplea\u00f1os (Primer a\u00f1o)<\/h2>\n<\/div><\/div>\n<\/div>\n<\/div>\n\n<div class=\"et_pb_text_1 et_pb_text et_pb_bg_layout_light et_pb_module et_block_module\"><div class=\"et_pb_text_inner\"><p style=\"text-align: justify;\">El primer a\u00f1o de vida merece ser celebrado con creatividad y alegr\u00eda desbordante. En Anyi\u2019s Art Photography, nuestra sesi\u00f3n de fotos con pastel transforma ese momento de descubrimiento y diversi\u00f3n en im\u00e1genes vibrantes y coloridas donde cada l\u00e1grima, sonrisa y desorden forman parte de una historia visual \u00fanica. Capturamos con sensibilidad y estilo la espontaneidad del beb\u00e9 mientras interact\u00faa con su pastel, transformando el caos en arte y sus expresiones naturales en recuerdos inolvidables que celebran el crecimiento y la consecuci\u00f3n de nuevos hitos.<\/p>\n<\/div><\/div>\n\n<div class=\"et_pb_image_1 et_pb_image et_pb_module et_block_module\"><span class=\"et_pb_image_wrap\"><img loading=\"lazy\" decoding=\"async\" src=\"https:\/\/anyisartphoto.com\/wp-content\/uploads\/2025\/08\/Logo-05-scaled.png\" width=\"2560\" height=\"951\" srcset=\"https:\/\/anyisartphoto.com\/wp-content\/uploads\/2025\/08\/Logo-05-scaled.png 2560w, https:\/\/anyisartphoto.com\/wp-content\/uploads\/2025\/08\/Logo-05-1280x476.png 1280w, https:\/\/anyisartphoto.com\/wp-content\/uploads\/2025\/08\/Logo-05-980x364.png 980w, https:\/\/anyisartphoto.com\/wp-content\/uploads\/2025\/08\/Logo-05-480x178.png 480w\" sizes=\"(min-width: 0px) and (max-width: 480px) 480px, (min-width: 481px) and (max-width: 980px) 980px, (min-width: 981px) and (max-width: 1280px) 1280px, (min-width: 1281px) 2560px, 100vw\" class=\"wp-image-247\" \/><\/span><\/div>\n<\/div>\n<\/div>\n<\/div>\n\n<div class=\"et_pb_row_2 et_pb_row et_flex_row\">\n<div class=\"et_pb_column_2 et_pb_column et-last-child et_flex_column et_pb_css_mix_blend_mode_passthrough et_flex_column_24_24 et_flex_column_24_24_tablet et_flex_column_24_24_phone\">\n<div class=\"et_pb_image_2 et_pb_image et_pb_module et_block_module\"><a href=\"https:\/\/anyisartphoto.com\/wp-content\/uploads\/2025\/09\/DSC05494.webp\" class=\"et_pb_lightbox_image\"><span class=\"et_pb_image_wrap\"><img loading=\"lazy\" decoding=\"async\" src=\"https:\/\/anyisartphoto.com\/wp-content\/uploads\/2025\/09\/DSC05494.webp\" width=\"1707\" height=\"2560\" srcset=\"https:\/\/anyisartphoto.com\/wp-content\/uploads\/2025\/09\/DSC05494.webp 1707w, https:\/\/anyisartphoto.com\/wp-content\/uploads\/2025\/09\/DSC05494-1280x1920.webp 1280w, https:\/\/anyisartphoto.com\/wp-content\/uploads\/2025\/09\/DSC05494-980x1470.webp 980w, https:\/\/anyisartphoto.com\/wp-content\/uploads\/2025\/09\/DSC05494-480x720.webp 480w\" sizes=\"(min-width: 0px) and (max-width: 480px) 480px, (min-width: 481px) and (max-width: 980px) 980px, (min-width: 981px) and (max-width: 1280px) 1280px, (min-width: 1281px) 1707px, 100vw\" class=\"wp-image-1304\" \/><\/span><\/a><\/div>\n\n<div class=\"et_pb_image_3 et_pb_image et_pb_module et_block_module\"><a href=\"https:\/\/anyisartphoto.com\/wp-content\/uploads\/2025\/09\/DSC05098.webp\" class=\"et_pb_lightbox_image\"><span class=\"et_pb_image_wrap\"><img loading=\"lazy\" decoding=\"async\" src=\"https:\/\/anyisartphoto.com\/wp-content\/uploads\/2025\/09\/DSC05098.webp\" width=\"2560\" height=\"1707\" srcset=\"https:\/\/anyisartphoto.com\/wp-content\/uploads\/2025\/09\/DSC05098.webp 2560w, https:\/\/anyisartphoto.com\/wp-content\/uploads\/2025\/09\/DSC05098-1280x854.webp 1280w, https:\/\/anyisartphoto.com\/wp-content\/uploads\/2025\/09\/DSC05098-980x653.webp 980w, https:\/\/anyisartphoto.com\/wp-content\/uploads\/2025\/09\/DSC05098-480x320.webp 480w\" sizes=\"(min-width: 0px) and (max-width: 480px) 480px, (min-width: 481px) and (max-width: 980px) 980px, (min-width: 981px) and (max-width: 1280px) 1280px, (min-width: 1281px) 2560px, 100vw\" class=\"wp-image-1303\" \/><\/span><\/a><\/div>\n\n<div class=\"et_pb_image_4 et_pb_image et_pb_module et_block_module\"><a href=\"https:\/\/anyisartphoto.com\/wp-content\/uploads\/2025\/09\/DSC05038.webp\" class=\"et_pb_lightbox_image\"><span class=\"et_pb_image_wrap\"><img loading=\"lazy\" decoding=\"async\" src=\"https:\/\/anyisartphoto.com\/wp-content\/uploads\/2025\/09\/DSC05038.webp\" width=\"2560\" height=\"1707\" srcset=\"https:\/\/anyisartphoto.com\/wp-content\/uploads\/2025\/09\/DSC05038.webp 2560w, https:\/\/anyisartphoto.com\/wp-content\/uploads\/2025\/09\/DSC05038-1280x854.webp 1280w, https:\/\/anyisartphoto.com\/wp-content\/uploads\/2025\/09\/DSC05038-980x653.webp 980w, https:\/\/anyisartphoto.com\/wp-content\/uploads\/2025\/09\/DSC05038-480x320.webp 480w\" sizes=\"(min-width: 0px) and (max-width: 480px) 480px, (min-width: 481px) and (max-width: 980px) 980px, (min-width: 981px) and (max-width: 1280px) 1280px, (min-width: 1281px) 2560px, 100vw\" class=\"wp-image-1301\" \/><\/span><\/a><\/div>\n<\/div>\n<\/div>\n\n<div class=\"et_pb_row_3 et_pb_row et_flex_row\">\n<div class=\"et_pb_column_3 et_pb_column et-last-child et_flex_column et_pb_css_mix_blend_mode_passthrough et_flex_column_24_24 et_flex_column_24_24_tablet et_flex_column_24_24_phone\">\n<div class=\"et_pb_image_5 et_pb_image et_pb_module et_block_module\"><a href=\"https:\/\/anyisartphoto.com\/wp-content\/uploads\/2025\/09\/ADA00945.webp\" class=\"et_pb_lightbox_image\"><span class=\"et_pb_image_wrap\"><img loading=\"lazy\" decoding=\"async\" src=\"https:\/\/anyisartphoto.com\/wp-content\/uploads\/2025\/09\/ADA00945.webp\" width=\"2400\" height=\"1600\" srcset=\"https:\/\/anyisartphoto.com\/wp-content\/uploads\/2025\/09\/ADA00945.webp 2400w, https:\/\/anyisartphoto.com\/wp-content\/uploads\/2025\/09\/ADA00945-1280x853.webp 1280w, https:\/\/anyisartphoto.com\/wp-content\/uploads\/2025\/09\/ADA00945-980x653.webp 980w, https:\/\/anyisartphoto.com\/wp-content\/uploads\/2025\/09\/ADA00945-480x320.webp 480w\" sizes=\"(min-width: 0px) and (max-width: 480px) 480px, (min-width: 481px) and (max-width: 980px) 980px, (min-width: 981px) and (max-width: 1280px) 1280px, (min-width: 1281px) 2400px, 100vw\" class=\"wp-image-1205\" \/><\/span><\/a><\/div>\n\n<div class=\"et_pb_image_6 et_pb_image et_pb_module et_block_module\"><a href=\"https:\/\/anyisartphoto.com\/wp-content\/uploads\/2025\/09\/ADA01013.webp\" class=\"et_pb_lightbox_image\"><span class=\"et_pb_image_wrap\"><img loading=\"lazy\" decoding=\"async\" src=\"https:\/\/anyisartphoto.com\/wp-content\/uploads\/2025\/09\/ADA01013.webp\" width=\"2400\" height=\"1600\" srcset=\"https:\/\/anyisartphoto.com\/wp-content\/uploads\/2025\/09\/ADA01013.webp 2400w, https:\/\/anyisartphoto.com\/wp-content\/uploads\/2025\/09\/ADA01013-1280x853.webp 1280w, https:\/\/anyisartphoto.com\/wp-content\/uploads\/2025\/09\/ADA01013-980x653.webp 980w, https:\/\/anyisartphoto.com\/wp-content\/uploads\/2025\/09\/ADA01013-480x320.webp 480w\" sizes=\"(min-width: 0px) and (max-width: 480px) 480px, (min-width: 481px) and (max-width: 980px) 980px, (min-width: 981px) and (max-width: 1280px) 1280px, (min-width: 1281px) 2400px, 100vw\" class=\"wp-image-1208\" \/><\/span><\/a><\/div>\n\n<div class=\"et_pb_image_7 et_pb_image et_pb_module et_block_module\"><a href=\"https:\/\/anyisartphoto.com\/wp-content\/uploads\/2025\/09\/ADA01001.webp\" class=\"et_pb_lightbox_image\"><span class=\"et_pb_image_wrap\"><img loading=\"lazy\" decoding=\"async\" src=\"https:\/\/anyisartphoto.com\/wp-content\/uploads\/2025\/09\/ADA01001.webp\" width=\"1600\" height=\"2400\" srcset=\"https:\/\/anyisartphoto.com\/wp-content\/uploads\/2025\/09\/ADA01001.webp 1600w, https:\/\/anyisartphoto.com\/wp-content\/uploads\/2025\/09\/ADA01001-1280x1920.webp 1280w, https:\/\/anyisartphoto.com\/wp-content\/uploads\/2025\/09\/ADA01001-980x1470.webp 980w, https:\/\/anyisartphoto.com\/wp-content\/uploads\/2025\/09\/ADA01001-480x720.webp 480w\" sizes=\"(min-width: 0px) and (max-width: 480px) 480px, (min-width: 481px) and (max-width: 980px) 980px, (min-width: 981px) and (max-width: 1280px) 1280px, (min-width: 1281px) 1600px, 100vw\" class=\"wp-image-1207\" \/><\/span><\/a><\/div>\n<\/div>\n<\/div>\n\n<div class=\"et_pb_row_4 et_pb_row et_flex_row\">\n<div class=\"et_pb_column_4 et_pb_column et-last-child et_flex_column et_pb_css_mix_blend_mode_passthrough et_flex_column_24_24 et_flex_column_24_24_tablet et_flex_column_24_24_phone\">\n<div class=\"et_pb_image_8 et_pb_image et_pb_module et_block_module\"><a href=\"https:\/\/anyisartphoto.com\/wp-content\/uploads\/2025\/09\/ADA05761.webp\" class=\"et_pb_lightbox_image\"><span class=\"et_pb_image_wrap\"><img loading=\"lazy\" decoding=\"async\" src=\"https:\/\/anyisartphoto.com\/wp-content\/uploads\/2025\/09\/ADA05761.webp\" width=\"1532\" height=\"2145\" srcset=\"https:\/\/anyisartphoto.com\/wp-content\/uploads\/2025\/09\/ADA05761.webp 1532w, https:\/\/anyisartphoto.com\/wp-content\/uploads\/2025\/09\/ADA05761-1280x1792.webp 1280w, https:\/\/anyisartphoto.com\/wp-content\/uploads\/2025\/09\/ADA05761-980x1372.webp 980w, https:\/\/anyisartphoto.com\/wp-content\/uploads\/2025\/09\/ADA05761-480x672.webp 480w\" sizes=\"(min-width: 0px) and (max-width: 480px) 480px, (min-width: 481px) and (max-width: 980px) 980px, (min-width: 981px) and (max-width: 1280px) 1280px, (min-width: 1281px) 1532px, 100vw\" class=\"wp-image-1252\" \/><\/span><\/a><\/div>\n\n<div class=\"et_pb_image_9 et_pb_image et_pb_module et_block_module\"><a href=\"https:\/\/anyisartphoto.com\/wp-content\/uploads\/2025\/09\/ADA05796.webp\" class=\"et_pb_lightbox_image\"><span class=\"et_pb_image_wrap\"><img loading=\"lazy\" decoding=\"async\" src=\"https:\/\/anyisartphoto.com\/wp-content\/uploads\/2025\/09\/ADA05796.webp\" width=\"2400\" height=\"1600\" srcset=\"https:\/\/anyisartphoto.com\/wp-content\/uploads\/2025\/09\/ADA05796.webp 2400w, https:\/\/anyisartphoto.com\/wp-content\/uploads\/2025\/09\/ADA05796-1280x853.webp 1280w, https:\/\/anyisartphoto.com\/wp-content\/uploads\/2025\/09\/ADA05796-980x653.webp 980w, https:\/\/anyisartphoto.com\/wp-content\/uploads\/2025\/09\/ADA05796-480x320.webp 480w\" sizes=\"(min-width: 0px) and (max-width: 480px) 480px, (min-width: 481px) and (max-width: 980px) 980px, (min-width: 981px) and (max-width: 1280px) 1280px, (min-width: 1281px) 2400px, 100vw\" class=\"wp-image-1254\" \/><\/span><\/a><\/div>\n\n<div class=\"et_pb_image_10 et_pb_image et_pb_module et_block_module\"><a href=\"https:\/\/anyisartphoto.com\/wp-content\/uploads\/2025\/09\/ADA05847.webp\" class=\"et_pb_lightbox_image\"><span class=\"et_pb_image_wrap\"><img loading=\"lazy\" decoding=\"async\" src=\"https:\/\/anyisartphoto.com\/wp-content\/uploads\/2025\/09\/ADA05847.webp\" width=\"1309\" height=\"1833\" srcset=\"https:\/\/anyisartphoto.com\/wp-content\/uploads\/2025\/09\/ADA05847.webp 1309w, https:\/\/anyisartphoto.com\/wp-content\/uploads\/2025\/09\/ADA05847-1280x1792.webp 1280w, https:\/\/anyisartphoto.com\/wp-content\/uploads\/2025\/09\/ADA05847-980x1372.webp 980w, https:\/\/anyisartphoto.com\/wp-content\/uploads\/2025\/09\/ADA05847-480x672.webp 480w\" sizes=\"(min-width: 0px) and (max-width: 480px) 480px, (min-width: 481px) and (max-width: 980px) 980px, (min-width: 981px) and (max-width: 1280px) 1280px, (min-width: 1281px) 1309px, 100vw\" class=\"wp-image-1256\" \/><\/span><\/a><\/div>\n<\/div>\n<\/div>\n\n<div class=\"et_pb_row_5 et_pb_row et_flex_row\">\n<div class=\"et_pb_column_5 et_pb_column et-last-child et_flex_column et_pb_css_mix_blend_mode_passthrough et_flex_column_24_24 et_flex_column_24_24_tablet et_flex_column_24_24_phone\">\n<div class=\"et_pb_image_11 et_pb_image et_pb_module et_block_module\"><a href=\"https:\/\/anyisartphoto.com\/wp-content\/uploads\/2025\/09\/ADA06803.webp\" class=\"et_pb_lightbox_image\"><span class=\"et_pb_image_wrap\"><img loading=\"lazy\" decoding=\"async\" src=\"https:\/\/anyisartphoto.com\/wp-content\/uploads\/2025\/09\/ADA06803.webp\" width=\"1403\" height=\"1964\" srcset=\"https:\/\/anyisartphoto.com\/wp-content\/uploads\/2025\/09\/ADA06803.webp 1403w, https:\/\/anyisartphoto.com\/wp-content\/uploads\/2025\/09\/ADA06803-1280x1792.webp 1280w, https:\/\/anyisartphoto.com\/wp-content\/uploads\/2025\/09\/ADA06803-980x1372.webp 980w, https:\/\/anyisartphoto.com\/wp-content\/uploads\/2025\/09\/ADA06803-480x672.webp 480w\" sizes=\"(min-width: 0px) and (max-width: 480px) 480px, (min-width: 481px) and (max-width: 980px) 980px, (min-width: 981px) and (max-width: 1280px) 1280px, (min-width: 1281px) 1403px, 100vw\" class=\"wp-image-1277\" \/><\/span><\/a><\/div>\n\n<div class=\"et_pb_image_12 et_pb_image et_pb_module et_block_module\"><a href=\"https:\/\/anyisartphoto.com\/wp-content\/uploads\/2025\/09\/ADA06800.webp\" class=\"et_pb_lightbox_image\"><span class=\"et_pb_image_wrap\"><img loading=\"lazy\" decoding=\"async\" src=\"https:\/\/anyisartphoto.com\/wp-content\/uploads\/2025\/09\/ADA06800.webp\" width=\"1409\" height=\"1973\" srcset=\"https:\/\/anyisartphoto.com\/wp-content\/uploads\/2025\/09\/ADA06800.webp 1409w, https:\/\/anyisartphoto.com\/wp-content\/uploads\/2025\/09\/ADA06800-1280x1792.webp 1280w, https:\/\/anyisartphoto.com\/wp-content\/uploads\/2025\/09\/ADA06800-980x1372.webp 980w, https:\/\/anyisartphoto.com\/wp-content\/uploads\/2025\/09\/ADA06800-480x672.webp 480w\" sizes=\"(min-width: 0px) and (max-width: 480px) 480px, (min-width: 481px) and (max-width: 980px) 980px, (min-width: 981px) and (max-width: 1280px) 1280px, (min-width: 1281px) 1409px, 100vw\" class=\"wp-image-1276\" \/><\/span><\/a><\/div>\n\n<div class=\"et_pb_image_13 et_pb_image et_pb_module et_block_module\"><a href=\"https:\/\/anyisartphoto.com\/wp-content\/uploads\/2025\/09\/ADA05907.webp\" class=\"et_pb_lightbox_image\"><span class=\"et_pb_image_wrap\"><img loading=\"lazy\" decoding=\"async\" src=\"https:\/\/anyisartphoto.com\/wp-content\/uploads\/2025\/09\/ADA05907.webp\" width=\"1548\" height=\"2168\" srcset=\"https:\/\/anyisartphoto.com\/wp-content\/uploads\/2025\/09\/ADA05907.webp 1548w, https:\/\/anyisartphoto.com\/wp-content\/uploads\/2025\/09\/ADA05907-1280x1793.webp 1280w, https:\/\/anyisartphoto.com\/wp-content\/uploads\/2025\/09\/ADA05907-980x1373.webp 980w, https:\/\/anyisartphoto.com\/wp-content\/uploads\/2025\/09\/ADA05907-480x672.webp 480w\" sizes=\"(min-width: 0px) and (max-width: 480px) 480px, (min-width: 481px) and (max-width: 980px) 980px, (min-width: 981px) and (max-width: 1280px) 1280px, (min-width: 1281px) 1548px, 100vw\" class=\"wp-image-1258\" \/><\/span><\/a><\/div>\n\n<div class=\"et_pb_image_14 et_pb_image et_pb_module et_block_module\"><a href=\"https:\/\/anyisartphoto.com\/wp-content\/uploads\/2025\/09\/ADA05862.webp\" class=\"et_pb_lightbox_image\"><span class=\"et_pb_image_wrap\"><img loading=\"lazy\" decoding=\"async\" src=\"https:\/\/anyisartphoto.com\/wp-content\/uploads\/2025\/09\/ADA05862.webp\" width=\"1714\" height=\"2400\" srcset=\"https:\/\/anyisartphoto.com\/wp-content\/uploads\/2025\/09\/ADA05862.webp 1714w, https:\/\/anyisartphoto.com\/wp-content\/uploads\/2025\/09\/ADA05862-1280x1792.webp 1280w, https:\/\/anyisartphoto.com\/wp-content\/uploads\/2025\/09\/ADA05862-980x1372.webp 980w, https:\/\/anyisartphoto.com\/wp-content\/uploads\/2025\/09\/ADA05862-480x672.webp 480w\" sizes=\"(min-width: 0px) and (max-width: 480px) 480px, (min-width: 481px) and (max-width: 980px) 980px, (min-width: 981px) and (max-width: 1280px) 1280px, (min-width: 1281px) 1714px, 100vw\" class=\"wp-image-1257\" \/><\/span><\/a><\/div>\n<\/div>\n<\/div>\n<\/div>","protected":false},"excerpt":{"rendered":"","protected":false},"author":1,"featured_media":0,"parent":0,"menu_order":0,"comment_status":"closed","ping_status":"closed","template":"","meta":{"_monsterinsights_skip_tracking":false,"_monsterinsights_sitenote_active":false,"_monsterinsights_sitenote_note":"","_monsterinsights_sitenote_category":0,"footnotes":""},"class_list":["post-1458","page","type-page","status-publish","hentry"],"aioseo_notices":[],"_links":{"self":[{"href":"https:\/\/anyisartphoto.com\/es\/wp-json\/wp\/v2\/pages\/1458","targetHints":{"allow":["GET"]}}],"collection":[{"href":"https:\/\/anyisartphoto.com\/es\/wp-json\/wp\/v2\/pages"}],"about":[{"href":"https:\/\/anyisartphoto.com\/es\/wp-json\/wp\/v2\/types\/page"}],"author":[{"embeddable":true,"href":"https:\/\/anyisartphoto.com\/es\/wp-json\/wp\/v2\/users\/1"}],"replies":[{"embeddable":true,"href":"https:\/\/anyisartphoto.com\/es\/wp-json\/wp\/v2\/comments?post=1458"}],"version-history":[{"count":9,"href":"https:\/\/anyisartphoto.com\/es\/wp-json\/wp\/v2\/pages\/1458\/revisions"}],"predecessor-version":[{"id":2213,"href":"https:\/\/anyisartphoto.com\/es\/wp-json\/wp\/v2\/pages\/1458\/revisions\/2213"}],"wp:attachment":[{"href":"https:\/\/anyisartphoto.com\/es\/wp-json\/wp\/v2\/media?parent=1458"}],"curies":[{"name":"wp","href":"https:\/\/api.w.org\/{rel}","templated":true}]}}