{"id":1450,"date":"2025-10-03T07:06:21","date_gmt":"2025-10-03T07:06:21","guid":{"rendered":"https:\/\/anyisartphoto.com\/?page_id=1450"},"modified":"2025-11-03T00:52:45","modified_gmt":"2025-11-03T00:52:45","slug":"new-born-photos","status":"publish","type":"page","link":"https:\/\/anyisartphoto.com\/es\/new-born-photos\/","title":{"rendered":"New Born Photos"},"content":{"rendered":"<div class=\"et_pb_section_0 et_pb_section et_section_regular et_flex_section\">\n<div class=\"et_pb_row_0 et_pb_row et_flex_row\">\n<div class=\"et_pb_column_0 et_pb_column et-last-child et_flex_column et_pb_css_mix_blend_mode_passthrough et_flex_column_24_24 et_flex_column_24_24_tablet et_flex_column_24_24_phone\">\n<div class=\"et_pb_image_0 et_pb_image et_pb_module et_block_module\"><a href=\"https:\/\/anyisartphoto.com\/wp-content\/uploads\/2025\/09\/ADA01514.webp\" class=\"et_pb_lightbox_image\"><span class=\"et_pb_image_wrap\"><img loading=\"lazy\" decoding=\"async\" src=\"https:\/\/anyisartphoto.com\/wp-content\/uploads\/2025\/09\/ADA01514.webp\" width=\"2400\" height=\"1600\" srcset=\"https:\/\/anyisartphoto.com\/wp-content\/uploads\/2025\/09\/ADA01514.webp 2400w, https:\/\/anyisartphoto.com\/wp-content\/uploads\/2025\/09\/ADA01514-1280x853.webp 1280w, https:\/\/anyisartphoto.com\/wp-content\/uploads\/2025\/09\/ADA01514-980x653.webp 980w, https:\/\/anyisartphoto.com\/wp-content\/uploads\/2025\/09\/ADA01514-480x320.webp 480w\" sizes=\"(min-width: 0px) and (max-width: 480px) 480px, (min-width: 481px) and (max-width: 980px) 980px, (min-width: 981px) and (max-width: 1280px) 1280px, (min-width: 1281px) 2400px, 100vw\" class=\"wp-image-1023\" \/><\/span><\/a><\/div>\n\n<div class=\"et_pb_group_0 et_pb_group et-last-child et_pb_module et_flex_group et_pb_css_mix_blend_mode_passthrough\">\n<div class=\"et_pb_row_1 et_pb_row et_pb_row_nested et_flex_row\">\n<div class=\"et_pb_column_1 et_pb_column et-last-child et_flex_column et_pb_css_mix_blend_mode_passthrough et_flex_column_24_24 et_flex_column_24_24_tablet et_flex_column_24_24_phone\">\n<div class=\"et_pb_text_0 et_pb_text et_pb_bg_layout_light et_pb_module et_block_module\"><div class=\"et_pb_text_inner\"><h2>Reci\u00e9n nacidos<\/h2>\n<\/div><\/div>\n<\/div>\n<\/div>\n\n<div class=\"et_pb_text_1 et_pb_text et_pb_bg_layout_light et_pb_module et_block_module\"><div class=\"et_pb_text_inner\"><p style=\"text-align: justify;\">La fragilidad y la pureza de los primeros d\u00edas de vida se inmortalizan en im\u00e1genes que transmiten calidez y amor eterno. En Anyi\u2019s Art Photography, creamos sesiones de reci\u00e9n nacidos con la m\u00e1xima delicadeza, brindando un ambiente seguro y confortable que resalta la inocencia y el peque\u00f1o milagro que representa cada beb\u00e9. Cada fotograf\u00eda es un testimonio visual de infinita ternura, que captura los m\u00e1s m\u00ednimos detalles y las dulces expresiones que se desvanecen r\u00e1pidamente, preservando esos momentos para siempre en la memoria y el coraz\u00f3n.<\/p>\n<\/div><\/div>\n\n<div class=\"et_pb_image_1 et_pb_image et_pb_module et_block_module\"><span class=\"et_pb_image_wrap\"><img loading=\"lazy\" decoding=\"async\" src=\"https:\/\/anyisartphoto.com\/wp-content\/uploads\/2025\/08\/Logo-05-scaled.png\" width=\"2560\" height=\"951\" srcset=\"https:\/\/anyisartphoto.com\/wp-content\/uploads\/2025\/08\/Logo-05-scaled.png 2560w, https:\/\/anyisartphoto.com\/wp-content\/uploads\/2025\/08\/Logo-05-1280x476.png 1280w, https:\/\/anyisartphoto.com\/wp-content\/uploads\/2025\/08\/Logo-05-980x364.png 980w, https:\/\/anyisartphoto.com\/wp-content\/uploads\/2025\/08\/Logo-05-480x178.png 480w\" sizes=\"(min-width: 0px) and (max-width: 480px) 480px, (min-width: 481px) and (max-width: 980px) 980px, (min-width: 981px) and (max-width: 1280px) 1280px, (min-width: 1281px) 2560px, 100vw\" class=\"wp-image-247\" \/><\/span><\/div>\n<\/div>\n<\/div>\n<\/div>\n\n<div class=\"et_pb_row_2 et_pb_row et_flex_row\">\n<div class=\"et_pb_column_2 et_pb_column et-last-child et_flex_column et_pb_css_mix_blend_mode_passthrough et_flex_column_24_24 et_flex_column_24_24_tablet et_flex_column_24_24_phone\">\n<div class=\"et_pb_image_2 et_pb_image et_pb_module et_block_module\"><a href=\"https:\/\/anyisartphoto.com\/wp-content\/uploads\/2025\/09\/ADA01536.webp\" class=\"et_pb_lightbox_image\"><span class=\"et_pb_image_wrap\"><img loading=\"lazy\" decoding=\"async\" src=\"https:\/\/anyisartphoto.com\/wp-content\/uploads\/2025\/09\/ADA01536.webp\" width=\"1600\" height=\"2240\" srcset=\"https:\/\/anyisartphoto.com\/wp-content\/uploads\/2025\/09\/ADA01536.webp 1600w, https:\/\/anyisartphoto.com\/wp-content\/uploads\/2025\/09\/ADA01536-1280x1792.webp 1280w, https:\/\/anyisartphoto.com\/wp-content\/uploads\/2025\/09\/ADA01536-980x1372.webp 980w, https:\/\/anyisartphoto.com\/wp-content\/uploads\/2025\/09\/ADA01536-480x672.webp 480w\" sizes=\"(min-width: 0px) and (max-width: 480px) 480px, (min-width: 481px) and (max-width: 980px) 980px, (min-width: 981px) and (max-width: 1280px) 1280px, (min-width: 1281px) 1600px, 100vw\" class=\"wp-image-1025\" \/><\/span><\/a><\/div>\n\n<div class=\"et_pb_image_3 et_pb_image et_pb_module et_block_module\"><a href=\"https:\/\/anyisartphoto.com\/wp-content\/uploads\/2025\/09\/ADA01494.webp\" class=\"et_pb_lightbox_image\"><span class=\"et_pb_image_wrap\"><img loading=\"lazy\" decoding=\"async\" src=\"https:\/\/anyisartphoto.com\/wp-content\/uploads\/2025\/09\/ADA01494.webp\" width=\"1600\" height=\"2400\" srcset=\"https:\/\/anyisartphoto.com\/wp-content\/uploads\/2025\/09\/ADA01494.webp 1600w, https:\/\/anyisartphoto.com\/wp-content\/uploads\/2025\/09\/ADA01494-1280x1920.webp 1280w, https:\/\/anyisartphoto.com\/wp-content\/uploads\/2025\/09\/ADA01494-980x1470.webp 980w, https:\/\/anyisartphoto.com\/wp-content\/uploads\/2025\/09\/ADA01494-480x720.webp 480w\" sizes=\"(min-width: 0px) and (max-width: 480px) 480px, (min-width: 481px) and (max-width: 980px) 980px, (min-width: 981px) and (max-width: 1280px) 1280px, (min-width: 1281px) 1600px, 100vw\" class=\"wp-image-1022\" \/><\/span><\/a><\/div>\n\n<div class=\"et_pb_image_4 et_pb_image et_pb_module et_block_module\"><a href=\"https:\/\/anyisartphoto.com\/wp-content\/uploads\/2025\/09\/ADA01487.webp\" class=\"et_pb_lightbox_image\"><span class=\"et_pb_image_wrap\"><img loading=\"lazy\" decoding=\"async\" src=\"https:\/\/anyisartphoto.com\/wp-content\/uploads\/2025\/09\/ADA01487.webp\" width=\"1600\" height=\"2400\" srcset=\"https:\/\/anyisartphoto.com\/wp-content\/uploads\/2025\/09\/ADA01487.webp 1600w, https:\/\/anyisartphoto.com\/wp-content\/uploads\/2025\/09\/ADA01487-1280x1920.webp 1280w, https:\/\/anyisartphoto.com\/wp-content\/uploads\/2025\/09\/ADA01487-980x1470.webp 980w, https:\/\/anyisartphoto.com\/wp-content\/uploads\/2025\/09\/ADA01487-480x720.webp 480w\" sizes=\"(min-width: 0px) and (max-width: 480px) 480px, (min-width: 481px) and (max-width: 980px) 980px, (min-width: 981px) and (max-width: 1280px) 1280px, (min-width: 1281px) 1600px, 100vw\" class=\"wp-image-1021\" \/><\/span><\/a><\/div>\n\n<div class=\"et_pb_image_5 et_pb_image et_pb_module et_block_module\"><a href=\"https:\/\/anyisartphoto.com\/wp-content\/uploads\/2025\/09\/ADA01533.webp\" class=\"et_pb_lightbox_image\"><span class=\"et_pb_image_wrap\"><img loading=\"lazy\" decoding=\"async\" src=\"https:\/\/anyisartphoto.com\/wp-content\/uploads\/2025\/09\/ADA01533.webp\" width=\"1600\" height=\"2400\" srcset=\"https:\/\/anyisartphoto.com\/wp-content\/uploads\/2025\/09\/ADA01533.webp 1600w, https:\/\/anyisartphoto.com\/wp-content\/uploads\/2025\/09\/ADA01533-1280x1920.webp 1280w, https:\/\/anyisartphoto.com\/wp-content\/uploads\/2025\/09\/ADA01533-980x1470.webp 980w, https:\/\/anyisartphoto.com\/wp-content\/uploads\/2025\/09\/ADA01533-480x720.webp 480w\" sizes=\"(min-width: 0px) and (max-width: 480px) 480px, (min-width: 481px) and (max-width: 980px) 980px, (min-width: 981px) and (max-width: 1280px) 1280px, (min-width: 1281px) 1600px, 100vw\" class=\"wp-image-1024\" \/><\/span><\/a><\/div>\n<\/div>\n<\/div>\n\n<div class=\"et_pb_row_3 et_pb_row et_flex_row\">\n<div class=\"et_pb_column_3 et_pb_column et-last-child et_flex_column et_pb_css_mix_blend_mode_passthrough et_flex_column_24_24 et_flex_column_24_24_tablet et_flex_column_24_24_phone\">\n<div class=\"et_pb_image_6 et_pb_image et_pb_module et_block_module\"><a href=\"https:\/\/anyisartphoto.com\/wp-content\/uploads\/2025\/09\/ADA02469.webp\" class=\"et_pb_lightbox_image\"><span class=\"et_pb_image_wrap\"><img loading=\"lazy\" decoding=\"async\" src=\"https:\/\/anyisartphoto.com\/wp-content\/uploads\/2025\/09\/ADA02469.webp\" width=\"2400\" height=\"1600\" srcset=\"https:\/\/anyisartphoto.com\/wp-content\/uploads\/2025\/09\/ADA02469.webp 2400w, https:\/\/anyisartphoto.com\/wp-content\/uploads\/2025\/09\/ADA02469-1280x853.webp 1280w, https:\/\/anyisartphoto.com\/wp-content\/uploads\/2025\/09\/ADA02469-980x653.webp 980w, https:\/\/anyisartphoto.com\/wp-content\/uploads\/2025\/09\/ADA02469-480x320.webp 480w\" sizes=\"(min-width: 0px) and (max-width: 480px) 480px, (min-width: 481px) and (max-width: 980px) 980px, (min-width: 981px) and (max-width: 1280px) 1280px, (min-width: 1281px) 2400px, 100vw\" class=\"wp-image-1026\" \/><\/span><\/a><\/div>\n\n<div class=\"et_pb_image_7 et_pb_image et_pb_module et_block_module\"><a href=\"https:\/\/anyisartphoto.com\/wp-content\/uploads\/2025\/09\/ADA02490.webp\" class=\"et_pb_lightbox_image\"><span class=\"et_pb_image_wrap\"><img loading=\"lazy\" decoding=\"async\" src=\"https:\/\/anyisartphoto.com\/wp-content\/uploads\/2025\/09\/ADA02490.webp\" width=\"2400\" height=\"1600\" srcset=\"https:\/\/anyisartphoto.com\/wp-content\/uploads\/2025\/09\/ADA02490.webp 2400w, https:\/\/anyisartphoto.com\/wp-content\/uploads\/2025\/09\/ADA02490-1280x853.webp 1280w, https:\/\/anyisartphoto.com\/wp-content\/uploads\/2025\/09\/ADA02490-980x653.webp 980w, https:\/\/anyisartphoto.com\/wp-content\/uploads\/2025\/09\/ADA02490-480x320.webp 480w\" sizes=\"(min-width: 0px) and (max-width: 480px) 480px, (min-width: 481px) and (max-width: 980px) 980px, (min-width: 981px) and (max-width: 1280px) 1280px, (min-width: 1281px) 2400px, 100vw\" class=\"wp-image-1027\" \/><\/span><\/a><\/div>\n\n<div class=\"et_pb_image_8 et_pb_image et_pb_module et_block_module\"><a href=\"https:\/\/anyisartphoto.com\/wp-content\/uploads\/2025\/09\/ADA04448.webp\" class=\"et_pb_lightbox_image\"><span class=\"et_pb_image_wrap\"><img loading=\"lazy\" decoding=\"async\" src=\"https:\/\/anyisartphoto.com\/wp-content\/uploads\/2025\/09\/ADA04448.webp\" width=\"2101\" height=\"1401\" srcset=\"https:\/\/anyisartphoto.com\/wp-content\/uploads\/2025\/09\/ADA04448.webp 2101w, https:\/\/anyisartphoto.com\/wp-content\/uploads\/2025\/09\/ADA04448-1280x854.webp 1280w, https:\/\/anyisartphoto.com\/wp-content\/uploads\/2025\/09\/ADA04448-980x653.webp 980w, https:\/\/anyisartphoto.com\/wp-content\/uploads\/2025\/09\/ADA04448-480x320.webp 480w\" sizes=\"(min-width: 0px) and (max-width: 480px) 480px, (min-width: 481px) and (max-width: 980px) 980px, (min-width: 981px) and (max-width: 1280px) 1280px, (min-width: 1281px) 2101px, 100vw\" class=\"wp-image-1036\" \/><\/span><\/a><\/div>\n\n<div class=\"et_pb_image_9 et_pb_image et_pb_module et_block_module\"><a href=\"https:\/\/anyisartphoto.com\/wp-content\/uploads\/2025\/09\/ADA04429.webp\" class=\"et_pb_lightbox_image\"><span class=\"et_pb_image_wrap\"><img loading=\"lazy\" decoding=\"async\" src=\"https:\/\/anyisartphoto.com\/wp-content\/uploads\/2025\/09\/ADA04429.webp\" width=\"2307\" height=\"1538\" srcset=\"https:\/\/anyisartphoto.com\/wp-content\/uploads\/2025\/09\/ADA04429.webp 2307w, https:\/\/anyisartphoto.com\/wp-content\/uploads\/2025\/09\/ADA04429-1280x853.webp 1280w, https:\/\/anyisartphoto.com\/wp-content\/uploads\/2025\/09\/ADA04429-980x653.webp 980w, https:\/\/anyisartphoto.com\/wp-content\/uploads\/2025\/09\/ADA04429-480x320.webp 480w\" sizes=\"(min-width: 0px) and (max-width: 480px) 480px, (min-width: 481px) and (max-width: 980px) 980px, (min-width: 981px) and (max-width: 1280px) 1280px, (min-width: 1281px) 2307px, 100vw\" class=\"wp-image-1035\" \/><\/span><\/a><\/div>\n<\/div>\n<\/div>\n\n<div class=\"et_pb_row_4 et_pb_row et_flex_row\">\n<div class=\"et_pb_column_4 et_pb_column et-last-child et_flex_column et_pb_css_mix_blend_mode_passthrough et_flex_column_24_24 et_flex_column_24_24_tablet et_flex_column_24_24_phone\">\n<div class=\"et_pb_group_1 et_pb_group et_pb_module et_flex_group et_pb_css_mix_blend_mode_passthrough\">\n<div class=\"et_pb_image_10 et_pb_image et_pb_module et_block_module\"><a href=\"https:\/\/anyisartphoto.com\/wp-content\/uploads\/2025\/09\/ADA04135.webp\" class=\"et_pb_lightbox_image\"><span class=\"et_pb_image_wrap\"><img loading=\"lazy\" decoding=\"async\" src=\"https:\/\/anyisartphoto.com\/wp-content\/uploads\/2025\/09\/ADA04135.webp\" width=\"1424\" height=\"1994\" srcset=\"https:\/\/anyisartphoto.com\/wp-content\/uploads\/2025\/09\/ADA04135.webp 1424w, https:\/\/anyisartphoto.com\/wp-content\/uploads\/2025\/09\/ADA04135-1280x1792.webp 1280w, https:\/\/anyisartphoto.com\/wp-content\/uploads\/2025\/09\/ADA04135-980x1372.webp 980w, https:\/\/anyisartphoto.com\/wp-content\/uploads\/2025\/09\/ADA04135-480x672.webp 480w\" sizes=\"(min-width: 0px) and (max-width: 480px) 480px, (min-width: 481px) and (max-width: 980px) 980px, (min-width: 981px) and (max-width: 1280px) 1280px, (min-width: 1281px) 1424px, 100vw\" class=\"wp-image-1033\" \/><\/span><\/a><\/div>\n\n<div class=\"et_pb_image_11 et_pb_image et_pb_module et_block_module\"><a href=\"https:\/\/anyisartphoto.com\/wp-content\/uploads\/2025\/09\/ADA05960.webp\" class=\"et_pb_lightbox_image\"><span class=\"et_pb_image_wrap\"><img loading=\"lazy\" decoding=\"async\" src=\"https:\/\/anyisartphoto.com\/wp-content\/uploads\/2025\/09\/ADA05960.webp\" width=\"1600\" height=\"2240\" srcset=\"https:\/\/anyisartphoto.com\/wp-content\/uploads\/2025\/09\/ADA05960.webp 1600w, https:\/\/anyisartphoto.com\/wp-content\/uploads\/2025\/09\/ADA05960-1280x1792.webp 1280w, https:\/\/anyisartphoto.com\/wp-content\/uploads\/2025\/09\/ADA05960-980x1372.webp 980w, https:\/\/anyisartphoto.com\/wp-content\/uploads\/2025\/09\/ADA05960-480x672.webp 480w\" sizes=\"(min-width: 0px) and (max-width: 480px) 480px, (min-width: 481px) and (max-width: 980px) 980px, (min-width: 981px) and (max-width: 1280px) 1280px, (min-width: 1281px) 1600px, 100vw\" class=\"wp-image-1042\" \/><\/span><\/a><\/div>\n<\/div>\n\n<div class=\"et_pb_image_12 et_pb_image et_pb_module et_block_module\"><a href=\"https:\/\/anyisartphoto.com\/wp-content\/uploads\/2025\/09\/ADA02493.webp\" class=\"et_pb_lightbox_image\"><span class=\"et_pb_image_wrap\"><img loading=\"lazy\" decoding=\"async\" src=\"https:\/\/anyisartphoto.com\/wp-content\/uploads\/2025\/09\/ADA02493.webp\" width=\"1384\" height=\"1730\" srcset=\"https:\/\/anyisartphoto.com\/wp-content\/uploads\/2025\/09\/ADA02493.webp 1384w, https:\/\/anyisartphoto.com\/wp-content\/uploads\/2025\/09\/ADA02493-1280x1600.webp 1280w, https:\/\/anyisartphoto.com\/wp-content\/uploads\/2025\/09\/ADA02493-980x1225.webp 980w, https:\/\/anyisartphoto.com\/wp-content\/uploads\/2025\/09\/ADA02493-480x600.webp 480w\" sizes=\"(min-width: 0px) and (max-width: 480px) 480px, (min-width: 481px) and (max-width: 980px) 980px, (min-width: 981px) and (max-width: 1280px) 1280px, (min-width: 1281px) 1384px, 100vw\" class=\"wp-image-1028\" \/><\/span><\/a><\/div>\n\n<div class=\"et_pb_group_2 et_pb_group et-last-child et_pb_module et_flex_group et_pb_css_mix_blend_mode_passthrough\">\n<div class=\"et_pb_image_13 et_pb_image et_pb_module et_block_module\"><a href=\"https:\/\/anyisartphoto.com\/wp-content\/uploads\/2025\/09\/ADA02541.webp\" class=\"et_pb_lightbox_image\"><span class=\"et_pb_image_wrap\"><img loading=\"lazy\" decoding=\"async\" src=\"https:\/\/anyisartphoto.com\/wp-content\/uploads\/2025\/09\/ADA02541.webp\" width=\"1600\" height=\"2240\" srcset=\"https:\/\/anyisartphoto.com\/wp-content\/uploads\/2025\/09\/ADA02541.webp 1600w, https:\/\/anyisartphoto.com\/wp-content\/uploads\/2025\/09\/ADA02541-1280x1792.webp 1280w, https:\/\/anyisartphoto.com\/wp-content\/uploads\/2025\/09\/ADA02541-980x1372.webp 980w, https:\/\/anyisartphoto.com\/wp-content\/uploads\/2025\/09\/ADA02541-480x672.webp 480w\" sizes=\"(min-width: 0px) and (max-width: 480px) 480px, (min-width: 481px) and (max-width: 980px) 980px, (min-width: 981px) and (max-width: 1280px) 1280px, (min-width: 1281px) 1600px, 100vw\" class=\"wp-image-1030\" \/><\/span><\/a><\/div>\n\n<div class=\"et_pb_image_14 et_pb_image et_pb_module et_block_module\"><a href=\"https:\/\/anyisartphoto.com\/wp-content\/uploads\/2025\/09\/ADA05991bw.webp\" class=\"et_pb_lightbox_image\"><span class=\"et_pb_image_wrap\"><img loading=\"lazy\" decoding=\"async\" src=\"https:\/\/anyisartphoto.com\/wp-content\/uploads\/2025\/09\/ADA05991bw.webp\" width=\"1469\" height=\"2057\" srcset=\"https:\/\/anyisartphoto.com\/wp-content\/uploads\/2025\/09\/ADA05991bw.webp 1469w, https:\/\/anyisartphoto.com\/wp-content\/uploads\/2025\/09\/ADA05991bw-1280x1792.webp 1280w, https:\/\/anyisartphoto.com\/wp-content\/uploads\/2025\/09\/ADA05991bw-980x1372.webp 980w, https:\/\/anyisartphoto.com\/wp-content\/uploads\/2025\/09\/ADA05991bw-480x672.webp 480w\" sizes=\"(min-width: 0px) and (max-width: 480px) 480px, (min-width: 481px) and (max-width: 980px) 980px, (min-width: 981px) and (max-width: 1280px) 1280px, (min-width: 1281px) 1469px, 100vw\" class=\"wp-image-1044\" \/><\/span><\/a><\/div>\n<\/div>\n<\/div>\n<\/div>\n<\/div>","protected":false},"excerpt":{"rendered":"","protected":false},"author":1,"featured_media":0,"parent":0,"menu_order":0,"comment_status":"closed","ping_status":"closed","template":"","meta":{"_monsterinsights_skip_tracking":false,"_monsterinsights_sitenote_active":false,"_monsterinsights_sitenote_note":"","_monsterinsights_sitenote_category":0,"footnotes":""},"class_list":["post-1450","page","type-page","status-publish","hentry"],"aioseo_notices":[],"_links":{"self":[{"href":"https:\/\/anyisartphoto.com\/es\/wp-json\/wp\/v2\/pages\/1450","targetHints":{"allow":["GET"]}}],"collection":[{"href":"https:\/\/anyisartphoto.com\/es\/wp-json\/wp\/v2\/pages"}],"about":[{"href":"https:\/\/anyisartphoto.com\/es\/wp-json\/wp\/v2\/types\/page"}],"author":[{"embeddable":true,"href":"https:\/\/anyisartphoto.com\/es\/wp-json\/wp\/v2\/users\/1"}],"replies":[{"embeddable":true,"href":"https:\/\/anyisartphoto.com\/es\/wp-json\/wp\/v2\/comments?post=1450"}],"version-history":[{"count":8,"href":"https:\/\/anyisartphoto.com\/es\/wp-json\/wp\/v2\/pages\/1450\/revisions"}],"predecessor-version":[{"id":2103,"href":"https:\/\/anyisartphoto.com\/es\/wp-json\/wp\/v2\/pages\/1450\/revisions\/2103"}],"wp:attachment":[{"href":"https:\/\/anyisartphoto.com\/es\/wp-json\/wp\/v2\/media?parent=1450"}],"curies":[{"name":"wp","href":"https:\/\/api.w.org\/{rel}","templated":true}]}}