{"id":1416,"date":"2025-10-03T04:27:40","date_gmt":"2025-10-03T04:27:40","guid":{"rendered":"https:\/\/anyisartphoto.com\/?page_id=1416"},"modified":"2025-11-03T00:51:17","modified_gmt":"2025-11-03T00:51:17","slug":"event-photos","status":"publish","type":"page","link":"https:\/\/anyisartphoto.com\/es\/event-photos\/","title":{"rendered":"Event Photos"},"content":{"rendered":"<div class=\"et_pb_section_0 et_pb_section et_section_regular et_flex_section\">\n<div class=\"et_pb_row_0 et_pb_row et_flex_row\">\n<div class=\"et_pb_column_0 et_pb_column et-last-child et_flex_column et_pb_css_mix_blend_mode_passthrough et_flex_column_24_24 et_flex_column_24_24_tablet et_flex_column_24_24_phone\">\n<div class=\"et_pb_image_0 et_pb_image et_pb_module et_block_module\"><a href=\"https:\/\/anyisartphoto.com\/wp-content\/uploads\/2025\/09\/ADA06346.webp\" class=\"et_pb_lightbox_image\"><span class=\"et_pb_image_wrap\"><img loading=\"lazy\" decoding=\"async\" src=\"https:\/\/anyisartphoto.com\/wp-content\/uploads\/2025\/09\/ADA06346.webp\" width=\"2400\" height=\"1600\" srcset=\"https:\/\/anyisartphoto.com\/wp-content\/uploads\/2025\/09\/ADA06346.webp 2400w, https:\/\/anyisartphoto.com\/wp-content\/uploads\/2025\/09\/ADA06346-1280x853.webp 1280w, https:\/\/anyisartphoto.com\/wp-content\/uploads\/2025\/09\/ADA06346-980x653.webp 980w, https:\/\/anyisartphoto.com\/wp-content\/uploads\/2025\/09\/ADA06346-480x320.webp 480w\" sizes=\"(min-width: 0px) and (max-width: 480px) 480px, (min-width: 481px) and (max-width: 980px) 980px, (min-width: 981px) and (max-width: 1280px) 1280px, (min-width: 1281px) 2400px, 100vw\" class=\"wp-image-855\" \/><\/span><\/a><\/div>\n\n<div class=\"et_pb_group_0 et_pb_group et-last-child et_pb_module et_flex_group et_pb_css_mix_blend_mode_passthrough\">\n<div class=\"et_pb_row_1 et_pb_row et_pb_row_nested et_flex_row\">\n<div class=\"et_pb_column_1 et_pb_column et-last-child et_flex_column et_pb_css_mix_blend_mode_passthrough et_flex_column_24_24 et_flex_column_24_24_tablet et_flex_column_24_24_phone\">\n<div class=\"et_pb_text_0 et_pb_text et_pb_bg_layout_light et_pb_module et_block_module\"><div class=\"et_pb_text_inner\"><h2>Eventos<\/h2>\n<\/div><\/div>\n<\/div>\n<\/div>\n\n<div class=\"et_pb_text_1 et_pb_text et_pb_bg_layout_light et_pb_module et_block_module\"><div class=\"et_pb_text_inner\"><p style=\"text-align: justify;\">Cada evento es un aut\u00e9ntico reflejo de emociones, historias y experiencias \u00fanicas. En Anyi\u2019s Art Photography, ofrecemos una cobertura fotogr\u00e1fica que va m\u00e1s all\u00e1 de la simple documentaci\u00f3n; buscamos capturar la energ\u00eda vibrante y los momentos espont\u00e1neos que hacen que cada celebraci\u00f3n sea inolvidable. Desde el montaje inicial hasta la despedida, nuestra mirada art\u00edstica est\u00e1 atenta a cada detalle, sonrisa y gesto que narra la historia viva del evento. Este enfoque nos permite transformar cualquier ocasi\u00f3n en una serie de im\u00e1genes conmovedoras que evocan v\u00edvidamente la atm\u00f3sfera y las emociones vividas.<\/p>\n<\/div><\/div>\n\n<div class=\"et_pb_image_1 et_pb_image et_pb_module et_block_module\"><span class=\"et_pb_image_wrap\"><img loading=\"lazy\" decoding=\"async\" src=\"https:\/\/anyisartphoto.com\/wp-content\/uploads\/2025\/08\/Logo-05-scaled.png\" width=\"2560\" height=\"951\" srcset=\"https:\/\/anyisartphoto.com\/wp-content\/uploads\/2025\/08\/Logo-05-scaled.png 2560w, https:\/\/anyisartphoto.com\/wp-content\/uploads\/2025\/08\/Logo-05-1280x476.png 1280w, https:\/\/anyisartphoto.com\/wp-content\/uploads\/2025\/08\/Logo-05-980x364.png 980w, https:\/\/anyisartphoto.com\/wp-content\/uploads\/2025\/08\/Logo-05-480x178.png 480w\" sizes=\"(min-width: 0px) and (max-width: 480px) 480px, (min-width: 481px) and (max-width: 980px) 980px, (min-width: 981px) and (max-width: 1280px) 1280px, (min-width: 1281px) 2560px, 100vw\" class=\"wp-image-247\" \/><\/span><\/div>\n<\/div>\n<\/div>\n<\/div>\n\n<div class=\"et_pb_row_2 et_pb_row et_flex_row\">\n<div class=\"et_pb_column_2 et_pb_column et-last-child et_flex_column et_pb_css_mix_blend_mode_passthrough et_flex_column_24_24 et_flex_column_24_24_tablet et_flex_column_24_24_phone\">\n<div class=\"et_pb_group_1 et_pb_group et_pb_module et_flex_group et_pb_css_mix_blend_mode_passthrough\">\n<div class=\"et_pb_image_2 et_pb_image et_pb_module et_block_module\"><a href=\"https:\/\/anyisartphoto.com\/wp-content\/uploads\/2025\/09\/ADA06415.webp\" class=\"et_pb_lightbox_image\"><span class=\"et_pb_image_wrap\"><img loading=\"lazy\" decoding=\"async\" src=\"https:\/\/anyisartphoto.com\/wp-content\/uploads\/2025\/09\/ADA06415.webp\" width=\"2400\" height=\"1600\" srcset=\"https:\/\/anyisartphoto.com\/wp-content\/uploads\/2025\/09\/ADA06415.webp 2400w, https:\/\/anyisartphoto.com\/wp-content\/uploads\/2025\/09\/ADA06415-1280x853.webp 1280w, https:\/\/anyisartphoto.com\/wp-content\/uploads\/2025\/09\/ADA06415-980x653.webp 980w, https:\/\/anyisartphoto.com\/wp-content\/uploads\/2025\/09\/ADA06415-480x320.webp 480w\" sizes=\"(min-width: 0px) and (max-width: 480px) 480px, (min-width: 481px) and (max-width: 980px) 980px, (min-width: 981px) and (max-width: 1280px) 1280px, (min-width: 1281px) 2400px, 100vw\" class=\"wp-image-857\" \/><\/span><\/a><\/div>\n\n<div class=\"et_pb_group_2 et_pb_group et-last-child et_pb_module et_flex_group et_pb_css_mix_blend_mode_passthrough\">\n<div class=\"et_pb_image_3 et_pb_image et_pb_module et_block_module\"><a href=\"https:\/\/anyisartphoto.com\/wp-content\/uploads\/2025\/09\/ADA06276.webp\" class=\"et_pb_lightbox_image\"><span class=\"et_pb_image_wrap\"><img loading=\"lazy\" decoding=\"async\" src=\"https:\/\/anyisartphoto.com\/wp-content\/uploads\/2025\/09\/ADA06276.webp\" width=\"1600\" height=\"2400\" srcset=\"https:\/\/anyisartphoto.com\/wp-content\/uploads\/2025\/09\/ADA06276.webp 1600w, https:\/\/anyisartphoto.com\/wp-content\/uploads\/2025\/09\/ADA06276-1280x1920.webp 1280w, https:\/\/anyisartphoto.com\/wp-content\/uploads\/2025\/09\/ADA06276-980x1470.webp 980w, https:\/\/anyisartphoto.com\/wp-content\/uploads\/2025\/09\/ADA06276-480x720.webp 480w\" sizes=\"(min-width: 0px) and (max-width: 480px) 480px, (min-width: 481px) and (max-width: 980px) 980px, (min-width: 981px) and (max-width: 1280px) 1280px, (min-width: 1281px) 1600px, 100vw\" class=\"wp-image-851\" \/><\/span><\/a><\/div>\n\n<div class=\"et_pb_image_4 et_pb_image et_pb_module et_block_module\"><a href=\"https:\/\/anyisartphoto.com\/wp-content\/uploads\/2025\/09\/ADA06278.webp\" class=\"et_pb_lightbox_image\"><span class=\"et_pb_image_wrap\"><img loading=\"lazy\" decoding=\"async\" src=\"https:\/\/anyisartphoto.com\/wp-content\/uploads\/2025\/09\/ADA06278.webp\" width=\"1600\" height=\"2400\" srcset=\"https:\/\/anyisartphoto.com\/wp-content\/uploads\/2025\/09\/ADA06278.webp 1600w, https:\/\/anyisartphoto.com\/wp-content\/uploads\/2025\/09\/ADA06278-1280x1920.webp 1280w, https:\/\/anyisartphoto.com\/wp-content\/uploads\/2025\/09\/ADA06278-980x1470.webp 980w, https:\/\/anyisartphoto.com\/wp-content\/uploads\/2025\/09\/ADA06278-480x720.webp 480w\" sizes=\"(min-width: 0px) and (max-width: 480px) 480px, (min-width: 481px) and (max-width: 980px) 980px, (min-width: 981px) and (max-width: 1280px) 1280px, (min-width: 1281px) 1600px, 100vw\" class=\"wp-image-852\" \/><\/span><\/a><\/div>\n<\/div>\n<\/div>\n\n<div class=\"et_pb_image_5 et_pb_image et_pb_module et_block_module\"><a href=\"https:\/\/anyisartphoto.com\/wp-content\/uploads\/2025\/09\/ADA06435.webp\" class=\"et_pb_lightbox_image\"><span class=\"et_pb_image_wrap\"><img loading=\"lazy\" decoding=\"async\" src=\"https:\/\/anyisartphoto.com\/wp-content\/uploads\/2025\/09\/ADA06435.webp\" width=\"1600\" height=\"2400\" srcset=\"https:\/\/anyisartphoto.com\/wp-content\/uploads\/2025\/09\/ADA06435.webp 1600w, https:\/\/anyisartphoto.com\/wp-content\/uploads\/2025\/09\/ADA06435-1280x1920.webp 1280w, https:\/\/anyisartphoto.com\/wp-content\/uploads\/2025\/09\/ADA06435-980x1470.webp 980w, https:\/\/anyisartphoto.com\/wp-content\/uploads\/2025\/09\/ADA06435-480x720.webp 480w\" sizes=\"(min-width: 0px) and (max-width: 480px) 480px, (min-width: 481px) and (max-width: 980px) 980px, (min-width: 981px) and (max-width: 1280px) 1280px, (min-width: 1281px) 1600px, 100vw\" class=\"wp-image-858\" \/><\/span><\/a><\/div>\n\n<div class=\"et_pb_image_6 et_pb_image et_pb_module et_block_module\"><a href=\"https:\/\/anyisartphoto.com\/wp-content\/uploads\/2025\/09\/ADA06271.webp\" class=\"et_pb_lightbox_image\"><span class=\"et_pb_image_wrap\"><img loading=\"lazy\" decoding=\"async\" src=\"https:\/\/anyisartphoto.com\/wp-content\/uploads\/2025\/09\/ADA06271.webp\" width=\"1600\" height=\"2400\" srcset=\"https:\/\/anyisartphoto.com\/wp-content\/uploads\/2025\/09\/ADA06271.webp 1600w, https:\/\/anyisartphoto.com\/wp-content\/uploads\/2025\/09\/ADA06271-1280x1920.webp 1280w, https:\/\/anyisartphoto.com\/wp-content\/uploads\/2025\/09\/ADA06271-980x1470.webp 980w, https:\/\/anyisartphoto.com\/wp-content\/uploads\/2025\/09\/ADA06271-480x720.webp 480w\" sizes=\"(min-width: 0px) and (max-width: 480px) 480px, (min-width: 481px) and (max-width: 980px) 980px, (min-width: 981px) and (max-width: 1280px) 1280px, (min-width: 1281px) 1600px, 100vw\" class=\"wp-image-850\" \/><\/span><\/a><\/div>\n<\/div>\n<\/div>\n\n<div class=\"et_pb_row_3 et_pb_row et_flex_row\">\n<div class=\"et_pb_column_3 et_pb_column et-last-child et_flex_column et_pb_css_mix_blend_mode_passthrough et_flex_column_24_24 et_flex_column_24_24_tablet et_flex_column_24_24_phone\">\n<div class=\"et_pb_image_7 et_pb_image et_pb_module et_block_module\"><a href=\"https:\/\/anyisartphoto.com\/wp-content\/uploads\/2025\/09\/ADA06553.webp\" class=\"et_pb_lightbox_image\"><span class=\"et_pb_image_wrap\"><img loading=\"lazy\" decoding=\"async\" src=\"https:\/\/anyisartphoto.com\/wp-content\/uploads\/2025\/09\/ADA06553.webp\" width=\"2046\" height=\"1364\" srcset=\"https:\/\/anyisartphoto.com\/wp-content\/uploads\/2025\/09\/ADA06553.webp 2046w, https:\/\/anyisartphoto.com\/wp-content\/uploads\/2025\/09\/ADA06553-1280x853.webp 1280w, https:\/\/anyisartphoto.com\/wp-content\/uploads\/2025\/09\/ADA06553-980x653.webp 980w, https:\/\/anyisartphoto.com\/wp-content\/uploads\/2025\/09\/ADA06553-480x320.webp 480w\" sizes=\"(min-width: 0px) and (max-width: 480px) 480px, (min-width: 481px) and (max-width: 980px) 980px, (min-width: 981px) and (max-width: 1280px) 1280px, (min-width: 1281px) 2046px, 100vw\" class=\"wp-image-860\" \/><\/span><\/a><\/div>\n\n<div class=\"et_pb_image_8 et_pb_image et_pb_module et_block_module\"><a href=\"https:\/\/anyisartphoto.com\/wp-content\/uploads\/2025\/09\/ADA06561.webp\" class=\"et_pb_lightbox_image\"><span class=\"et_pb_image_wrap\"><img loading=\"lazy\" decoding=\"async\" src=\"https:\/\/anyisartphoto.com\/wp-content\/uploads\/2025\/09\/ADA06561.webp\" width=\"1988\" height=\"1325\" srcset=\"https:\/\/anyisartphoto.com\/wp-content\/uploads\/2025\/09\/ADA06561.webp 1988w, https:\/\/anyisartphoto.com\/wp-content\/uploads\/2025\/09\/ADA06561-1280x853.webp 1280w, https:\/\/anyisartphoto.com\/wp-content\/uploads\/2025\/09\/ADA06561-980x653.webp 980w, https:\/\/anyisartphoto.com\/wp-content\/uploads\/2025\/09\/ADA06561-480x320.webp 480w\" sizes=\"(min-width: 0px) and (max-width: 480px) 480px, (min-width: 481px) and (max-width: 980px) 980px, (min-width: 981px) and (max-width: 1280px) 1280px, (min-width: 1281px) 1988px, 100vw\" class=\"wp-image-861\" \/><\/span><\/a><\/div>\n\n<div class=\"et_pb_image_9 et_pb_image et_pb_module et_block_module\"><a href=\"https:\/\/anyisartphoto.com\/wp-content\/uploads\/2025\/09\/ADA06610.webp\" class=\"et_pb_lightbox_image\"><span class=\"et_pb_image_wrap\"><img loading=\"lazy\" decoding=\"async\" src=\"https:\/\/anyisartphoto.com\/wp-content\/uploads\/2025\/09\/ADA06610.webp\" width=\"2322\" height=\"1548\" srcset=\"https:\/\/anyisartphoto.com\/wp-content\/uploads\/2025\/09\/ADA06610.webp 2322w, https:\/\/anyisartphoto.com\/wp-content\/uploads\/2025\/09\/ADA06610-1280x853.webp 1280w, https:\/\/anyisartphoto.com\/wp-content\/uploads\/2025\/09\/ADA06610-980x653.webp 980w, https:\/\/anyisartphoto.com\/wp-content\/uploads\/2025\/09\/ADA06610-480x320.webp 480w\" sizes=\"(min-width: 0px) and (max-width: 480px) 480px, (min-width: 481px) and (max-width: 980px) 980px, (min-width: 981px) and (max-width: 1280px) 1280px, (min-width: 1281px) 2322px, 100vw\" class=\"wp-image-864\" \/><\/span><\/a><\/div>\n<\/div>\n<\/div>\n<\/div>","protected":false},"excerpt":{"rendered":"","protected":false},"author":1,"featured_media":0,"parent":0,"menu_order":0,"comment_status":"closed","ping_status":"closed","template":"","meta":{"_monsterinsights_skip_tracking":false,"_monsterinsights_sitenote_active":false,"_monsterinsights_sitenote_note":"","_monsterinsights_sitenote_category":0,"footnotes":""},"class_list":["post-1416","page","type-page","status-publish","hentry"],"aioseo_notices":[],"_links":{"self":[{"href":"https:\/\/anyisartphoto.com\/es\/wp-json\/wp\/v2\/pages\/1416","targetHints":{"allow":["GET"]}}],"collection":[{"href":"https:\/\/anyisartphoto.com\/es\/wp-json\/wp\/v2\/pages"}],"about":[{"href":"https:\/\/anyisartphoto.com\/es\/wp-json\/wp\/v2\/types\/page"}],"author":[{"embeddable":true,"href":"https:\/\/anyisartphoto.com\/es\/wp-json\/wp\/v2\/users\/1"}],"replies":[{"embeddable":true,"href":"https:\/\/anyisartphoto.com\/es\/wp-json\/wp\/v2\/comments?post=1416"}],"version-history":[{"count":11,"href":"https:\/\/anyisartphoto.com\/es\/wp-json\/wp\/v2\/pages\/1416\/revisions"}],"predecessor-version":[{"id":2102,"href":"https:\/\/anyisartphoto.com\/es\/wp-json\/wp\/v2\/pages\/1416\/revisions\/2102"}],"wp:attachment":[{"href":"https:\/\/anyisartphoto.com\/es\/wp-json\/wp\/v2\/media?parent=1416"}],"curies":[{"name":"wp","href":"https:\/\/api.w.org\/{rel}","templated":true}]}}